{"id":139,"date":"2020-07-16T11:05:53","date_gmt":"2020-07-16T08:05:53","guid":{"rendered":"http:\/\/www.initia.fi.testwww.yritysweb.fi\/?page_id=139"},"modified":"2022-02-23T09:13:20","modified_gmt":"2022-02-23T07:13:20","slug":"yritysjarjestelyt","status":"publish","type":"page","link":"https:\/\/www.initia.fi\/en\/yritysjarjestelyt\/","title":{"rendered":"Mergers & acquisitions"},"content":{"rendered":"<div data-elementor-type=\"wp-page\" data-elementor-id=\"139\" class=\"elementor elementor-139\" data-elementor-settings=\"[]\">\n\t\t\t\t\t\t<div class=\"elementor-inner\">\n\t\t\t\t\t\t\t<div class=\"elementor-section-wrap\">\n\t\t\t\t\t\t\t<section class=\"elementor-section elementor-top-section elementor-element elementor-element-744b856b elementor-section-height-min-height elementor-section-boxed elementor-section-height-default elementor-section-items-middle\" data-id=\"744b856b\" data-element_type=\"section\" data-settings=\"{&quot;background_background&quot;:&quot;classic&quot;}\">\n\t\t\t\t\t\t\t<div class=\"elementor-background-overlay\"><\/div>\n\t\t\t\t\t\t\t<div class=\"elementor-container elementor-column-gap-default\">\n\t\t\t\t\t\t\t<div class=\"elementor-row\">\n\t\t\t\t\t<div class=\"elementor-column elementor-col-100 elementor-top-column elementor-element elementor-element-6fc6fba5\" data-id=\"6fc6fba5\" data-element_type=\"column\">\n\t\t\t<div class=\"elementor-column-wrap elementor-element-populated\">\n\t\t\t\t\t\t\t<div class=\"elementor-widget-wrap\">\n\t\t\t\t\t\t<div class=\"elementor-element elementor-element-10b9ea61 elementor-widget elementor-widget-heading\" data-id=\"10b9ea61\" data-element_type=\"widget\" data-widget_type=\"heading.default\">\n\t\t\t\t<div class=\"elementor-widget-container\">\n\t\t\t<h1 class=\"elementor-heading-title elementor-size-default\">Mergers & acquisitions<\/h1>\t\t<\/div>\n\t\t\t\t<\/div>\n\t\t\t\t\t\t<\/div>\n\t\t\t\t\t<\/div>\n\t\t<\/div>\n\t\t\t\t\t\t\t\t<\/div>\n\t\t\t\t\t<\/div>\n\t\t<\/section>\n\t\t\t\t<section class=\"elementor-section elementor-top-section elementor-element elementor-element-1acf2d99 elementor-section-boxed elementor-section-height-default elementor-section-height-default\" data-id=\"1acf2d99\" data-element_type=\"section\">\n\t\t\t\t\t\t<div class=\"elementor-container elementor-column-gap-default\">\n\t\t\t\t\t\t\t<div class=\"elementor-row\">\n\t\t\t\t\t<div class=\"elementor-column elementor-col-50 elementor-top-column elementor-element elementor-element-2f5bdc9e\" data-id=\"2f5bdc9e\" data-element_type=\"column\">\n\t\t\t<div class=\"elementor-column-wrap elementor-element-populated\">\n\t\t\t\t\t\t\t<div class=\"elementor-widget-wrap\">\n\t\t\t\t\t\t<div class=\"elementor-element elementor-element-24660e60 elementor-widget elementor-widget-heading\" data-id=\"24660e60\" data-element_type=\"widget\" data-widget_type=\"heading.default\">\n\t\t\t\t<div class=\"elementor-widget-container\">\n\t\t\t<h2 class=\"elementor-heading-title elementor-size-default\">Sell-side, buy-side,<br>and other M&A-related advisory services<\/h2>\t\t<\/div>\n\t\t\t\t<\/div>\n\t\t\t\t\t\t<\/div>\n\t\t\t\t\t<\/div>\n\t\t<\/div>\n\t\t\t\t<div class=\"elementor-column elementor-col-50 elementor-top-column elementor-element elementor-element-606c4a94\" data-id=\"606c4a94\" data-element_type=\"column\">\n\t\t\t<div class=\"elementor-column-wrap elementor-element-populated\">\n\t\t\t\t\t\t\t<div class=\"elementor-widget-wrap\">\n\t\t\t\t\t\t<div class=\"elementor-element elementor-element-471e5feb elementor-widget elementor-widget-text-editor\" data-id=\"471e5feb\" data-element_type=\"widget\" data-widget_type=\"text-editor.default\">\n\t\t\t\t<div class=\"elementor-widget-container\">\n\t\t\t\t\t\t\t\t<div class=\"elementor-text-editor elementor-clearfix\">\n\t\t\t\t<p>We offer international experience with local presence in different-sized M&A mandates.<\/p><p>Most of our sell-side projects are cross-border transactions, and we often extend our reach by cooperating with our international partners.<\/p>\t\t\t\t\t<\/div>\n\t\t\t\t\t\t<\/div>\n\t\t\t\t<\/div>\n\t\t\t\t\t\t<\/div>\n\t\t\t\t\t<\/div>\n\t\t<\/div>\n\t\t\t\t\t\t\t\t<\/div>\n\t\t\t\t\t<\/div>\n\t\t<\/section>\n\t\t\t\t<section class=\"elementor-section elementor-top-section elementor-element elementor-element-0eea6c6 elementor-section-boxed elementor-section-height-default elementor-section-height-default\" data-id=\"0eea6c6\" data-element_type=\"section\">\n\t\t\t\t\t\t<div class=\"elementor-container elementor-column-gap-default\">\n\t\t\t\t\t\t\t<div class=\"elementor-row\">\n\t\t\t\t\t<div class=\"elementor-column elementor-col-100 elementor-top-column elementor-element elementor-element-0becd08\" data-id=\"0becd08\" data-element_type=\"column\">\n\t\t\t<div class=\"elementor-column-wrap elementor-element-populated\">\n\t\t\t\t\t\t\t<div class=\"elementor-widget-wrap\">\n\t\t\t\t\t\t<section class=\"elementor-section elementor-inner-section elementor-element elementor-element-066f080 elementor-section-boxed elementor-section-height-default elementor-section-height-default\" data-id=\"066f080\" data-element_type=\"section\">\n\t\t\t\t\t\t<div class=\"elementor-container elementor-column-gap-default\">\n\t\t\t\t\t\t\t<div class=\"elementor-row\">\n\t\t\t\t\t<div class=\"elementor-column elementor-col-50 elementor-inner-column elementor-element elementor-element-3ec9846\" data-id=\"3ec9846\" data-element_type=\"column\">\n\t\t\t<div class=\"elementor-column-wrap elementor-element-populated\">\n\t\t\t\t\t\t\t<div class=\"elementor-widget-wrap\">\n\t\t\t\t\t\t<div class=\"elementor-element elementor-element-d1d103d elementor-widget elementor-widget-image\" data-id=\"d1d103d\" data-element_type=\"widget\" data-widget_type=\"image.default\">\n\t\t\t\t<div class=\"elementor-widget-container\">\n\t\t\t\t\t\t\t\t<div class=\"elementor-image\">\n\t\t\t\t\t\t\t\t\t\t\t\t<img width=\"640\" height=\"570\" src=\"https:\/\/www.initia.fi\/wp-content\/uploads\/2021\/01\/Initia-fill_13.jpg\" class=\"attachment-full size-full\" alt=\"\" loading=\"lazy\" srcset=\"https:\/\/www.initia.fi\/wp-content\/uploads\/2021\/01\/Initia-fill_13.jpg 640w, https:\/\/www.initia.fi\/wp-content\/uploads\/2021\/01\/Initia-fill_13-300x267.jpg 300w, https:\/\/www.initia.fi\/wp-content\/uploads\/2021\/01\/Initia-fill_13-13x12.jpg 13w\" sizes=\"(max-width: 640px) 100vw, 640px\" \/>\t\t\t\t\t\t\t\t\t\t\t\t\t\t<\/div>\n\t\t\t\t\t\t<\/div>\n\t\t\t\t<\/div>\n\t\t\t\t\t\t<\/div>\n\t\t\t\t\t<\/div>\n\t\t<\/div>\n\t\t\t\t<div class=\"elementor-column elementor-col-50 elementor-inner-column elementor-element elementor-element-be52daa\" data-id=\"be52daa\" data-element_type=\"column\">\n\t\t\t<div class=\"elementor-column-wrap elementor-element-populated\">\n\t\t\t\t\t\t\t<div class=\"elementor-widget-wrap\">\n\t\t\t\t\t\t<div class=\"elementor-element elementor-element-e9ef2b0 elementor-widget elementor-widget-heading\" data-id=\"e9ef2b0\" data-element_type=\"widget\" data-widget_type=\"heading.default\">\n\t\t\t\t<div class=\"elementor-widget-container\">\n\t\t\t<h3 class=\"elementor-heading-title elementor-size-default\">Sell-side<\/h3>\t\t<\/div>\n\t\t\t\t<\/div>\n\t\t\t\t<div class=\"elementor-element elementor-element-076a82a elementor-widget elementor-widget-text-editor\" data-id=\"076a82a\" data-element_type=\"widget\" data-widget_type=\"text-editor.default\">\n\t\t\t\t<div class=\"elementor-widget-container\">\n\t\t\t\t\t\t\t\t<div class=\"elementor-text-editor elementor-clearfix\">\n\t\t\t\t<p class=\"p1\">Our sell-side advisory services cover every required step to reach successful completion of any given transaction, such as the planning the process, drafting the sales material, and approaching potential buyers.<\/p><p class=\"p1\">Testing and crafting a compelling equity story, finding the right buyers, and identifying the synergy potential are often the keys to a successful transaction. Assessment of internal and external conditions are essential in determining the optimal timing.<\/p>\t\t\t\t\t<\/div>\n\t\t\t\t\t\t<\/div>\n\t\t\t\t<\/div>\n\t\t\t\t\t\t<\/div>\n\t\t\t\t\t<\/div>\n\t\t<\/div>\n\t\t\t\t\t\t\t\t<\/div>\n\t\t\t\t\t<\/div>\n\t\t<\/section>\n\t\t\t\t\t\t<\/div>\n\t\t\t\t\t<\/div>\n\t\t<\/div>\n\t\t\t\t\t\t\t\t<\/div>\n\t\t\t\t\t<\/div>\n\t\t<\/section>\n\t\t\t\t<section class=\"elementor-section elementor-top-section elementor-element elementor-element-07beff5 elementor-section-boxed elementor-section-height-default elementor-section-height-default\" data-id=\"07beff5\" data-element_type=\"section\">\n\t\t\t\t\t\t<div class=\"elementor-container elementor-column-gap-default\">\n\t\t\t\t\t\t\t<div class=\"elementor-row\">\n\t\t\t\t\t<div class=\"elementor-column elementor-col-100 elementor-top-column elementor-element elementor-element-53ef250\" data-id=\"53ef250\" data-element_type=\"column\">\n\t\t\t<div class=\"elementor-column-wrap elementor-element-populated\">\n\t\t\t\t\t\t\t<div class=\"elementor-widget-wrap\">\n\t\t\t\t\t\t<section class=\"elementor-section elementor-inner-section elementor-element elementor-element-ac8323f elementor-reverse-mobile elementor-section-boxed elementor-section-height-default elementor-section-height-default\" data-id=\"ac8323f\" data-element_type=\"section\">\n\t\t\t\t\t\t<div class=\"elementor-container elementor-column-gap-default\">\n\t\t\t\t\t\t\t<div class=\"elementor-row\">\n\t\t\t\t\t<div class=\"elementor-column elementor-col-50 elementor-inner-column elementor-element elementor-element-287b573\" data-id=\"287b573\" data-element_type=\"column\">\n\t\t\t<div class=\"elementor-column-wrap elementor-element-populated\">\n\t\t\t\t\t\t\t<div class=\"elementor-widget-wrap\">\n\t\t\t\t\t\t<div class=\"elementor-element elementor-element-7fab932 elementor-widget elementor-widget-heading\" data-id=\"7fab932\" data-element_type=\"widget\" data-widget_type=\"heading.default\">\n\t\t\t\t<div class=\"elementor-widget-container\">\n\t\t\t<h3 class=\"elementor-heading-title elementor-size-default\">Buy-side<\/h3>\t\t<\/div>\n\t\t\t\t<\/div>\n\t\t\t\t<div class=\"elementor-element elementor-element-96a14d8 elementor-widget elementor-widget-text-editor\" data-id=\"96a14d8\" data-element_type=\"widget\" data-widget_type=\"text-editor.default\">\n\t\t\t\t<div class=\"elementor-widget-container\">\n\t\t\t\t\t\t\t\t<div class=\"elementor-text-editor elementor-clearfix\">\n\t\t\t\t<p class=\"p1\">Our buy-side advisory services include the screening and comprehensive assessment of potential targets, valuation, determining key synergy drivers, defining risks, and evaluating the competitive environment.<\/p>\n<p class=\"p1\">We typically coordinate the entire transaction process and are extensively involved in negotiations, due diligence, as well as in the formulation of transaction documentation. In addition to the preparation of indicative and final offers, we assist in drafting the decision-making material.\n<\/p>\t\t\t\t\t<\/div>\n\t\t\t\t\t\t<\/div>\n\t\t\t\t<\/div>\n\t\t\t\t\t\t<\/div>\n\t\t\t\t\t<\/div>\n\t\t<\/div>\n\t\t\t\t<div class=\"elementor-column elementor-col-50 elementor-inner-column elementor-element elementor-element-70bb951\" data-id=\"70bb951\" data-element_type=\"column\">\n\t\t\t<div class=\"elementor-column-wrap elementor-element-populated\">\n\t\t\t\t\t\t\t<div class=\"elementor-widget-wrap\">\n\t\t\t\t\t\t<div class=\"elementor-element elementor-element-0f9b602 elementor-widget elementor-widget-image\" data-id=\"0f9b602\" data-element_type=\"widget\" data-widget_type=\"image.default\">\n\t\t\t\t<div class=\"elementor-widget-container\">\n\t\t\t\t\t\t\t\t<div class=\"elementor-image\">\n\t\t\t\t\t\t\t\t\t\t\t\t<img width=\"640\" height=\"570\" src=\"https:\/\/www.initia.fi\/wp-content\/uploads\/2021\/01\/Initia-fill_17.jpg\" class=\"attachment-full size-full\" alt=\"\" loading=\"lazy\" srcset=\"https:\/\/www.initia.fi\/wp-content\/uploads\/2021\/01\/Initia-fill_17.jpg 640w, https:\/\/www.initia.fi\/wp-content\/uploads\/2021\/01\/Initia-fill_17-300x267.jpg 300w, https:\/\/www.initia.fi\/wp-content\/uploads\/2021\/01\/Initia-fill_17-13x12.jpg 13w\" sizes=\"(max-width: 640px) 100vw, 640px\" \/>\t\t\t\t\t\t\t\t\t\t\t\t\t\t<\/div>\n\t\t\t\t\t\t<\/div>\n\t\t\t\t<\/div>\n\t\t\t\t\t\t<\/div>\n\t\t\t\t\t<\/div>\n\t\t<\/div>\n\t\t\t\t\t\t\t\t<\/div>\n\t\t\t\t\t<\/div>\n\t\t<\/section>\n\t\t\t\t\t\t<\/div>\n\t\t\t\t\t<\/div>\n\t\t<\/div>\n\t\t\t\t\t\t\t\t<\/div>\n\t\t\t\t\t<\/div>\n\t\t<\/section>\n\t\t\t\t<section class=\"elementor-section elementor-top-section elementor-element elementor-element-9e293da elementor-section-boxed elementor-section-height-default elementor-section-height-default\" data-id=\"9e293da\" data-element_type=\"section\">\n\t\t\t\t\t\t<div class=\"elementor-container elementor-column-gap-default\">\n\t\t\t\t\t\t\t<div class=\"elementor-row\">\n\t\t\t\t\t<div class=\"elementor-column elementor-col-100 elementor-top-column elementor-element elementor-element-b0bd1a6\" data-id=\"b0bd1a6\" data-element_type=\"column\">\n\t\t\t<div class=\"elementor-column-wrap elementor-element-populated\">\n\t\t\t\t\t\t\t<div class=\"elementor-widget-wrap\">\n\t\t\t\t\t\t<section class=\"elementor-section elementor-inner-section elementor-element elementor-element-69812a8 elementor-section-boxed elementor-section-height-default elementor-section-height-default\" data-id=\"69812a8\" data-element_type=\"section\">\n\t\t\t\t\t\t<div class=\"elementor-container elementor-column-gap-default\">\n\t\t\t\t\t\t\t<div class=\"elementor-row\">\n\t\t\t\t\t<div class=\"elementor-column elementor-col-50 elementor-inner-column elementor-element elementor-element-d8fb120\" data-id=\"d8fb120\" data-element_type=\"column\">\n\t\t\t<div class=\"elementor-column-wrap elementor-element-populated\">\n\t\t\t\t\t\t\t<div class=\"elementor-widget-wrap\">\n\t\t\t\t\t\t<div class=\"elementor-element elementor-element-c5ce2e3 elementor-widget elementor-widget-image\" data-id=\"c5ce2e3\" data-element_type=\"widget\" data-widget_type=\"image.default\">\n\t\t\t\t<div class=\"elementor-widget-container\">\n\t\t\t\t\t\t\t\t<div class=\"elementor-image\">\n\t\t\t\t\t\t\t\t\t\t\t\t<img width=\"640\" height=\"570\" src=\"https:\/\/www.initia.fi\/wp-content\/uploads\/2021\/01\/Initia-fill_15.jpg\" class=\"attachment-full size-full\" alt=\"\" loading=\"lazy\" srcset=\"https:\/\/www.initia.fi\/wp-content\/uploads\/2021\/01\/Initia-fill_15.jpg 640w, https:\/\/www.initia.fi\/wp-content\/uploads\/2021\/01\/Initia-fill_15-300x267.jpg 300w, https:\/\/www.initia.fi\/wp-content\/uploads\/2021\/01\/Initia-fill_15-13x12.jpg 13w\" sizes=\"(max-width: 640px) 100vw, 640px\" \/>\t\t\t\t\t\t\t\t\t\t\t\t\t\t<\/div>\n\t\t\t\t\t\t<\/div>\n\t\t\t\t<\/div>\n\t\t\t\t\t\t<\/div>\n\t\t\t\t\t<\/div>\n\t\t<\/div>\n\t\t\t\t<div class=\"elementor-column elementor-col-50 elementor-inner-column elementor-element elementor-element-6dfd6fa\" data-id=\"6dfd6fa\" data-element_type=\"column\">\n\t\t\t<div class=\"elementor-column-wrap elementor-element-populated\">\n\t\t\t\t\t\t\t<div class=\"elementor-widget-wrap\">\n\t\t\t\t\t\t<div class=\"elementor-element elementor-element-d3b1b5b elementor-widget elementor-widget-heading\" data-id=\"d3b1b5b\" data-element_type=\"widget\" data-widget_type=\"heading.default\">\n\t\t\t\t<div class=\"elementor-widget-container\">\n\t\t\t<h3 class=\"elementor-heading-title elementor-size-default\">Other M&A-related advisory<\/h3>\t\t<\/div>\n\t\t\t\t<\/div>\n\t\t\t\t<div class=\"elementor-element elementor-element-7ba6cf8 elementor-widget elementor-widget-text-editor\" data-id=\"7ba6cf8\" data-element_type=\"widget\" data-widget_type=\"text-editor.default\">\n\t\t\t\t<div class=\"elementor-widget-container\">\n\t\t\t\t\t\t\t\t<div class=\"elementor-text-editor elementor-clearfix\">\n\t\t\t\t<p class=\"p1\">We have broad expertise in all areas of the M&A process. In addition to sell-side and buy-side advisory, we provide other M&A-related advisory services such as:<\/p>\t\t\t\t\t<\/div>\n\t\t\t\t\t\t<\/div>\n\t\t\t\t<\/div>\n\t\t\t\t<div class=\"elementor-element elementor-element-1d0cac9 elementor-widget elementor-widget-text-editor\" data-id=\"1d0cac9\" data-element_type=\"widget\" data-widget_type=\"text-editor.default\">\n\t\t\t\t<div class=\"elementor-widget-container\">\n\t\t\t\t\t\t\t\t<div class=\"elementor-text-editor elementor-clearfix\">\n\t\t\t\t<ul><li class=\"p1\"><p class=\"p1\">Mergers and demergers<\/p><\/li><li class=\"p1\"><p class=\"p1\">Joint ventures<\/p><\/li><li class=\"p1\"><p class=\"p1\">Valuations<\/p><\/li><li class=\"p1\"><p class=\"p1\">Fairness opinions<\/p><\/li><\/ul>\t\t\t\t\t<\/div>\n\t\t\t\t\t\t<\/div>\n\t\t\t\t<\/div>\n\t\t\t\t\t\t<\/div>\n\t\t\t\t\t<\/div>\n\t\t<\/div>\n\t\t\t\t\t\t\t\t<\/div>\n\t\t\t\t\t<\/div>\n\t\t<\/section>\n\t\t\t\t\t\t<\/div>\n\t\t\t\t\t<\/div>\n\t\t<\/div>\n\t\t\t\t\t\t\t\t<\/div>\n\t\t\t\t\t<\/div>\n\t\t<\/section>\n\t\t\t\t\t\t<\/div>\n\t\t\t\t\t\t<\/div>\n\t\t\t\t\t<\/div>","protected":false},"excerpt":{"rendered":"<p>Yritysj\u00e4rjestelyt Yritysmyynnit ja-ostot sek\u00e4 yritysj\u00e4rjestelyihin liittyv\u00e4t palvelut Tarjoamme asiakkaillemme paikallista l\u00e4sn\u00e4oloa ja kansainv\u00e4list\u00e4 kokemusta erikokoisissa yritysj\u00e4rjestelyiss\u00e4. Yritysmyynneiss\u00e4 p\u00e4\u00e4osa hankkeistamme on rajat ylitt\u00e4vi\u00e4. Tarvittaessa k\u00e4yt\u00e4mme hankkeissa kansainv\u00e4lisi\u00e4 yhteisty\u00f6kumppaneitamme. Yritysmyynnit Tarjoamme asiakkaan tarpeen mukaisen neuvonantokokonaisuuden, joka kattaa mm. yritysj\u00e4rjestelyprosessin suunnittelun, myyntimateriaalin laatimisen, ostajien kontaktoinnin sek\u00e4 hankkeen kokonaisvaltaisen toteutuksen asiakkaan tavoitteiden mukaisesti. Ennen myyntiprosessin k\u00e4ynnist\u00e4mist\u00e4 tai osana prosessia [&hellip;]<\/p>","protected":false},"author":1,"featured_media":0,"parent":0,"menu_order":0,"comment_status":"closed","ping_status":"closed","template":"elementor_header_footer","meta":[],"yoast_head":"<!-- This site is optimized with the Yoast SEO plugin v18.2 - https:\/\/yoast.com\/wordpress\/plugins\/seo\/ -->\n<title>Yritysj\u00e4rjestelyt - Initia Corporate Finance<\/title>\n<meta name=\"description\" content=\"Tarjoamme asiakkaillemme paikallista l\u00e4sn\u00e4oloa ja kansainv\u00e4list\u00e4 kokemusta erikokoisissa yritysj\u00e4rjestelyiss\u00e4. Tutustu.\" \/>\n<meta name=\"robots\" content=\"index, follow, max-snippet:-1, max-image-preview:large, max-video-preview:-1\" \/>\n<link rel=\"canonical\" href=\"https:\/\/www.initia.fi\/en\/yritysjarjestelyt\/\" \/>\n<meta property=\"og:locale\" content=\"en_GB\" \/>\n<meta property=\"og:type\" content=\"article\" \/>\n<meta property=\"og:title\" content=\"Yritysj\u00e4rjestelyt - Initia Corporate Finance\" \/>\n<meta property=\"og:description\" content=\"Tarjoamme asiakkaillemme paikallista l\u00e4sn\u00e4oloa ja kansainv\u00e4list\u00e4 kokemusta erikokoisissa yritysj\u00e4rjestelyiss\u00e4. Tutustu.\" \/>\n<meta property=\"og:url\" content=\"https:\/\/www.initia.fi\/en\/yritysjarjestelyt\/\" \/>\n<meta property=\"og:site_name\" content=\"Initia Corporate Finance\" \/>\n<meta property=\"article:modified_time\" content=\"2022-02-23T07:13:20+00:00\" \/>\n<meta property=\"og:image\" content=\"http:\/\/www.initia.fi\/wp-content\/uploads\/2021\/01\/Initia-fill_13.jpg\" \/>\n<meta name=\"twitter:card\" content=\"summary_large_image\" \/>\n<meta name=\"twitter:label1\" content=\"Estimated reading time\" \/>\n\t<meta name=\"twitter:data1\" content=\"2 minutes\" \/>\n<script type=\"application\/ld+json\" class=\"yoast-schema-graph\">{\"@context\":\"https:\/\/schema.org\",\"@graph\":[{\"@type\":\"Organization\",\"@id\":\"https:\/\/www.initia.fi\/#organization\",\"name\":\"Initia Oy\",\"url\":\"https:\/\/www.initia.fi\/\",\"sameAs\":[],\"logo\":{\"@type\":\"ImageObject\",\"@id\":\"https:\/\/www.initia.fi\/#logo\",\"inLanguage\":\"en-GB\",\"url\":\"https:\/\/www.initia.fi\/wp-content\/uploads\/2020\/07\/Initia-favicon_512x512.png\",\"contentUrl\":\"https:\/\/www.initia.fi\/wp-content\/uploads\/2020\/07\/Initia-favicon_512x512.png\",\"width\":512,\"height\":512,\"caption\":\"Initia Oy\"},\"image\":{\"@id\":\"https:\/\/www.initia.fi\/#logo\"}},{\"@type\":\"WebSite\",\"@id\":\"https:\/\/www.initia.fi\/#website\",\"url\":\"https:\/\/www.initia.fi\/\",\"name\":\"Initia Corporate Finance\",\"description\":\"Johtava suomalainen yritys- ja rahoitusj\u00e4rjestelyiden asiantuntija\",\"publisher\":{\"@id\":\"https:\/\/www.initia.fi\/#organization\"},\"potentialAction\":[{\"@type\":\"SearchAction\",\"target\":{\"@type\":\"EntryPoint\",\"urlTemplate\":\"https:\/\/www.initia.fi\/?s={search_term_string}\"},\"query-input\":\"required name=search_term_string\"}],\"inLanguage\":\"en-GB\"},{\"@type\":\"ImageObject\",\"@id\":\"https:\/\/www.initia.fi\/en\/yritysjarjestelyt\/#primaryimage\",\"inLanguage\":\"en-GB\",\"url\":\"http:\/\/www.initia.fi\/wp-content\/uploads\/2021\/01\/Initia-fill_13.jpg\",\"contentUrl\":\"http:\/\/www.initia.fi\/wp-content\/uploads\/2021\/01\/Initia-fill_13.jpg\"},{\"@type\":\"WebPage\",\"@id\":\"https:\/\/www.initia.fi\/en\/yritysjarjestelyt\/#webpage\",\"url\":\"https:\/\/www.initia.fi\/en\/yritysjarjestelyt\/\",\"name\":\"Yritysj\u00e4rjestelyt - Initia Corporate Finance\",\"isPartOf\":{\"@id\":\"https:\/\/www.initia.fi\/#website\"},\"primaryImageOfPage\":{\"@id\":\"https:\/\/www.initia.fi\/en\/yritysjarjestelyt\/#primaryimage\"},\"datePublished\":\"2020-07-16T08:05:53+00:00\",\"dateModified\":\"2022-02-23T07:13:20+00:00\",\"description\":\"Tarjoamme asiakkaillemme paikallista l\u00e4sn\u00e4oloa ja kansainv\u00e4list\u00e4 kokemusta erikokoisissa yritysj\u00e4rjestelyiss\u00e4. Tutustu.\",\"breadcrumb\":{\"@id\":\"https:\/\/www.initia.fi\/en\/yritysjarjestelyt\/#breadcrumb\"},\"inLanguage\":\"en-GB\",\"potentialAction\":[{\"@type\":\"ReadAction\",\"target\":[\"https:\/\/www.initia.fi\/en\/yritysjarjestelyt\/\"]}]},{\"@type\":\"BreadcrumbList\",\"@id\":\"https:\/\/www.initia.fi\/en\/yritysjarjestelyt\/#breadcrumb\",\"itemListElement\":[{\"@type\":\"ListItem\",\"position\":1,\"name\":\"Etusivu\",\"item\":\"https:\/\/www.initia.fi\/\"},{\"@type\":\"ListItem\",\"position\":2,\"name\":\"Yritysj\u00e4rjestelyt\"}]}]}<\/script>\n<!-- \/ Yoast SEO plugin. -->","yoast_head_json":{"title":"Yritysj\u00e4rjestelyt - Initia Corporate Finance","description":"Tarjoamme asiakkaillemme paikallista l\u00e4sn\u00e4oloa ja kansainv\u00e4list\u00e4 kokemusta erikokoisissa yritysj\u00e4rjestelyiss\u00e4. Tutustu.","robots":{"index":"index","follow":"follow","max-snippet":"max-snippet:-1","max-image-preview":"max-image-preview:large","max-video-preview":"max-video-preview:-1"},"canonical":"https:\/\/www.initia.fi\/en\/yritysjarjestelyt\/","og_locale":"en_GB","og_type":"article","og_title":"Yritysj\u00e4rjestelyt - Initia Corporate Finance","og_description":"Tarjoamme asiakkaillemme paikallista l\u00e4sn\u00e4oloa ja kansainv\u00e4list\u00e4 kokemusta erikokoisissa yritysj\u00e4rjestelyiss\u00e4. Tutustu.","og_url":"https:\/\/www.initia.fi\/en\/yritysjarjestelyt\/","og_site_name":"Initia Corporate Finance","article_modified_time":"2022-02-23T07:13:20+00:00","og_image":[{"url":"http:\/\/www.initia.fi\/wp-content\/uploads\/2021\/01\/Initia-fill_13.jpg"}],"twitter_card":"summary_large_image","twitter_misc":{"Estimated reading time":"2 minutes"},"schema":{"@context":"https:\/\/schema.org","@graph":[{"@type":"Organization","@id":"https:\/\/www.initia.fi\/#organization","name":"Initia Oy","url":"https:\/\/www.initia.fi\/","sameAs":[],"logo":{"@type":"ImageObject","@id":"https:\/\/www.initia.fi\/#logo","inLanguage":"en-GB","url":"https:\/\/www.initia.fi\/wp-content\/uploads\/2020\/07\/Initia-favicon_512x512.png","contentUrl":"https:\/\/www.initia.fi\/wp-content\/uploads\/2020\/07\/Initia-favicon_512x512.png","width":512,"height":512,"caption":"Initia Oy"},"image":{"@id":"https:\/\/www.initia.fi\/#logo"}},{"@type":"WebSite","@id":"https:\/\/www.initia.fi\/#website","url":"https:\/\/www.initia.fi\/","name":"Initia Corporate Finance","description":"Johtava suomalainen yritys- ja rahoitusj\u00e4rjestelyiden asiantuntija","publisher":{"@id":"https:\/\/www.initia.fi\/#organization"},"potentialAction":[{"@type":"SearchAction","target":{"@type":"EntryPoint","urlTemplate":"https:\/\/www.initia.fi\/?s={search_term_string}"},"query-input":"required name=search_term_string"}],"inLanguage":"en-GB"},{"@type":"ImageObject","@id":"https:\/\/www.initia.fi\/en\/yritysjarjestelyt\/#primaryimage","inLanguage":"en-GB","url":"http:\/\/www.initia.fi\/wp-content\/uploads\/2021\/01\/Initia-fill_13.jpg","contentUrl":"http:\/\/www.initia.fi\/wp-content\/uploads\/2021\/01\/Initia-fill_13.jpg"},{"@type":"WebPage","@id":"https:\/\/www.initia.fi\/en\/yritysjarjestelyt\/#webpage","url":"https:\/\/www.initia.fi\/en\/yritysjarjestelyt\/","name":"Yritysj\u00e4rjestelyt - Initia Corporate Finance","isPartOf":{"@id":"https:\/\/www.initia.fi\/#website"},"primaryImageOfPage":{"@id":"https:\/\/www.initia.fi\/en\/yritysjarjestelyt\/#primaryimage"},"datePublished":"2020-07-16T08:05:53+00:00","dateModified":"2022-02-23T07:13:20+00:00","description":"Tarjoamme asiakkaillemme paikallista l\u00e4sn\u00e4oloa ja kansainv\u00e4list\u00e4 kokemusta erikokoisissa yritysj\u00e4rjestelyiss\u00e4. Tutustu.","breadcrumb":{"@id":"https:\/\/www.initia.fi\/en\/yritysjarjestelyt\/#breadcrumb"},"inLanguage":"en-GB","potentialAction":[{"@type":"ReadAction","target":["https:\/\/www.initia.fi\/en\/yritysjarjestelyt\/"]}]},{"@type":"BreadcrumbList","@id":"https:\/\/www.initia.fi\/en\/yritysjarjestelyt\/#breadcrumb","itemListElement":[{"@type":"ListItem","position":1,"name":"Etusivu","item":"https:\/\/www.initia.fi\/"},{"@type":"ListItem","position":2,"name":"Yritysj\u00e4rjestelyt"}]}]}},"_links":{"self":[{"href":"https:\/\/www.initia.fi\/en\/wp-json\/wp\/v2\/pages\/139"}],"collection":[{"href":"https:\/\/www.initia.fi\/en\/wp-json\/wp\/v2\/pages"}],"about":[{"href":"https:\/\/www.initia.fi\/en\/wp-json\/wp\/v2\/types\/page"}],"author":[{"embeddable":true,"href":"https:\/\/www.initia.fi\/en\/wp-json\/wp\/v2\/users\/1"}],"replies":[{"embeddable":true,"href":"https:\/\/www.initia.fi\/en\/wp-json\/wp\/v2\/comments?post=139"}],"version-history":[{"count":7,"href":"https:\/\/www.initia.fi\/en\/wp-json\/wp\/v2\/pages\/139\/revisions"}],"predecessor-version":[{"id":1521,"href":"https:\/\/www.initia.fi\/en\/wp-json\/wp\/v2\/pages\/139\/revisions\/1521"}],"wp:attachment":[{"href":"https:\/\/www.initia.fi\/en\/wp-json\/wp\/v2\/media?parent=139"}],"curies":[{"name":"wp","href":"https:\/\/api.w.org\/{rel}","templated":true}]}}