{"id":158,"date":"2020-07-16T11:29:37","date_gmt":"2020-07-16T08:29:37","guid":{"rendered":"http:\/\/www.initia.fi.testwww.yritysweb.fi\/?page_id=158"},"modified":"2022-02-23T09:14:39","modified_gmt":"2022-02-23T07:14:39","slug":"rahoitusjarjestelyt","status":"publish","type":"page","link":"https:\/\/www.initia.fi\/en\/financing-arrangements\/","title":{"rendered":"Financing arrangements"},"content":{"rendered":"<div data-elementor-type=\"wp-page\" data-elementor-id=\"158\" class=\"elementor elementor-158\" data-elementor-settings=\"[]\">\n\t\t\t\t\t\t<div class=\"elementor-inner\">\n\t\t\t\t\t\t\t<div class=\"elementor-section-wrap\">\n\t\t\t\t\t\t\t<section class=\"elementor-section elementor-top-section elementor-element elementor-element-744b856b elementor-section-height-min-height elementor-section-boxed elementor-section-height-default elementor-section-items-middle\" data-id=\"744b856b\" data-element_type=\"section\" data-settings=\"{&quot;background_background&quot;:&quot;classic&quot;}\">\n\t\t\t\t\t\t\t<div class=\"elementor-background-overlay\"><\/div>\n\t\t\t\t\t\t\t<div class=\"elementor-container elementor-column-gap-default\">\n\t\t\t\t\t\t\t<div class=\"elementor-row\">\n\t\t\t\t\t<div class=\"elementor-column elementor-col-100 elementor-top-column elementor-element elementor-element-6fc6fba5\" data-id=\"6fc6fba5\" data-element_type=\"column\">\n\t\t\t<div class=\"elementor-column-wrap elementor-element-populated\">\n\t\t\t\t\t\t\t<div class=\"elementor-widget-wrap\">\n\t\t\t\t\t\t<div class=\"elementor-element elementor-element-10b9ea61 elementor-widget elementor-widget-heading\" data-id=\"10b9ea61\" data-element_type=\"widget\" data-widget_type=\"heading.default\">\n\t\t\t\t<div class=\"elementor-widget-container\">\n\t\t\t<h1 class=\"elementor-heading-title elementor-size-default\">Financing arrangements<\/h1>\t\t<\/div>\n\t\t\t\t<\/div>\n\t\t\t\t\t\t<\/div>\n\t\t\t\t\t<\/div>\n\t\t<\/div>\n\t\t\t\t\t\t\t\t<\/div>\n\t\t\t\t\t<\/div>\n\t\t<\/section>\n\t\t\t\t<section class=\"elementor-section elementor-top-section elementor-element elementor-element-1acf2d99 elementor-section-boxed elementor-section-height-default elementor-section-height-default\" data-id=\"1acf2d99\" data-element_type=\"section\">\n\t\t\t\t\t\t<div class=\"elementor-container elementor-column-gap-default\">\n\t\t\t\t\t\t\t<div class=\"elementor-row\">\n\t\t\t\t\t<div class=\"elementor-column elementor-col-50 elementor-top-column elementor-element elementor-element-2f5bdc9e\" data-id=\"2f5bdc9e\" data-element_type=\"column\">\n\t\t\t<div class=\"elementor-column-wrap elementor-element-populated\">\n\t\t\t\t\t\t\t<div class=\"elementor-widget-wrap\">\n\t\t\t\t\t\t<div class=\"elementor-element elementor-element-24660e60 elementor-widget elementor-widget-heading\" data-id=\"24660e60\" data-element_type=\"widget\" data-widget_type=\"heading.default\">\n\t\t\t\t<div class=\"elementor-widget-container\">\n\t\t\t<h2 class=\"elementor-heading-title elementor-size-default translation-block\">Equity and debt financing<\/h2>\t\t<\/div>\n\t\t\t\t<\/div>\n\t\t\t\t\t\t<\/div>\n\t\t\t\t\t<\/div>\n\t\t<\/div>\n\t\t\t\t<div class=\"elementor-column elementor-col-50 elementor-top-column elementor-element elementor-element-606c4a94\" data-id=\"606c4a94\" data-element_type=\"column\">\n\t\t\t<div class=\"elementor-column-wrap elementor-element-populated\">\n\t\t\t\t\t\t\t<div class=\"elementor-widget-wrap\">\n\t\t\t\t\t\t<div class=\"elementor-element elementor-element-471e5feb elementor-widget elementor-widget-text-editor\" data-id=\"471e5feb\" data-element_type=\"widget\" data-widget_type=\"text-editor.default\">\n\t\t\t\t<div class=\"elementor-widget-container\">\n\t\t\t\t\t\t\t\t<div class=\"elementor-text-editor elementor-clearfix\">\n\t\t\t\t<p class=\"p1\">We offer advice with respect to raising equity and debt capital from private equity firms, corporations, family offices, commercial banks, and other sources.<\/p><p class=\"p1\">Our experience and well-established contacts with various investors enable us to create solutions unique to each client\u2019s situation. When appropriate, we cooperate with international investment banks or assist clients in selecting other advisors or placement syndicates.<\/p>\t\t\t\t\t<\/div>\n\t\t\t\t\t\t<\/div>\n\t\t\t\t<\/div>\n\t\t\t\t\t\t<\/div>\n\t\t\t\t\t<\/div>\n\t\t<\/div>\n\t\t\t\t\t\t\t\t<\/div>\n\t\t\t\t\t<\/div>\n\t\t<\/section>\n\t\t\t\t<section class=\"elementor-section elementor-top-section elementor-element elementor-element-9e293da elementor-section-boxed elementor-section-height-default elementor-section-height-default\" data-id=\"9e293da\" data-element_type=\"section\">\n\t\t\t\t\t\t<div class=\"elementor-container elementor-column-gap-default\">\n\t\t\t\t\t\t\t<div class=\"elementor-row\">\n\t\t\t\t\t<div class=\"elementor-column elementor-col-100 elementor-top-column elementor-element elementor-element-b0bd1a6\" data-id=\"b0bd1a6\" data-element_type=\"column\">\n\t\t\t<div class=\"elementor-column-wrap elementor-element-populated\">\n\t\t\t\t\t\t\t<div class=\"elementor-widget-wrap\">\n\t\t\t\t\t\t<section class=\"elementor-section elementor-inner-section elementor-element elementor-element-69812a8 elementor-section-boxed elementor-section-height-default elementor-section-height-default\" data-id=\"69812a8\" data-element_type=\"section\">\n\t\t\t\t\t\t<div class=\"elementor-container elementor-column-gap-default\">\n\t\t\t\t\t\t\t<div class=\"elementor-row\">\n\t\t\t\t\t<div class=\"elementor-column elementor-col-50 elementor-inner-column elementor-element elementor-element-d8fb120\" data-id=\"d8fb120\" data-element_type=\"column\">\n\t\t\t<div class=\"elementor-column-wrap elementor-element-populated\">\n\t\t\t\t\t\t\t<div class=\"elementor-widget-wrap\">\n\t\t\t\t\t\t<div class=\"elementor-element elementor-element-64e117a elementor-widget elementor-widget-image\" data-id=\"64e117a\" data-element_type=\"widget\" data-widget_type=\"image.default\">\n\t\t\t\t<div class=\"elementor-widget-container\">\n\t\t\t\t\t\t\t\t<div class=\"elementor-image\">\n\t\t\t\t\t\t\t\t\t\t\t\t<img width=\"640\" height=\"570\" src=\"https:\/\/www.initia.fi\/wp-content\/uploads\/2021\/01\/Initia-fill_12.jpg\" class=\"attachment-full size-full\" alt=\"\" loading=\"lazy\" srcset=\"https:\/\/www.initia.fi\/wp-content\/uploads\/2021\/01\/Initia-fill_12.jpg 640w, https:\/\/www.initia.fi\/wp-content\/uploads\/2021\/01\/Initia-fill_12-300x267.jpg 300w, https:\/\/www.initia.fi\/wp-content\/uploads\/2021\/01\/Initia-fill_12-13x12.jpg 13w\" sizes=\"(max-width: 640px) 100vw, 640px\" \/>\t\t\t\t\t\t\t\t\t\t\t\t\t\t<\/div>\n\t\t\t\t\t\t<\/div>\n\t\t\t\t<\/div>\n\t\t\t\t\t\t<\/div>\n\t\t\t\t\t<\/div>\n\t\t<\/div>\n\t\t\t\t<div class=\"elementor-column elementor-col-50 elementor-inner-column elementor-element elementor-element-6dfd6fa\" data-id=\"6dfd6fa\" data-element_type=\"column\">\n\t\t\t<div class=\"elementor-column-wrap elementor-element-populated\">\n\t\t\t\t\t\t\t<div class=\"elementor-widget-wrap\">\n\t\t\t\t\t\t<div class=\"elementor-element elementor-element-d3b1b5b elementor-widget elementor-widget-heading\" data-id=\"d3b1b5b\" data-element_type=\"widget\" data-widget_type=\"heading.default\">\n\t\t\t\t<div class=\"elementor-widget-container\">\n\t\t\t<h3 class=\"elementor-heading-title elementor-size-default\">Our services include<\/h3>\t\t<\/div>\n\t\t\t\t<\/div>\n\t\t\t\t<div class=\"elementor-element elementor-element-7ba6cf8 elementor-widget elementor-widget-text-editor\" data-id=\"7ba6cf8\" data-element_type=\"widget\" data-widget_type=\"text-editor.default\">\n\t\t\t\t<div class=\"elementor-widget-container\">\n\t\t\t\t\t\t\t\t<div class=\"elementor-text-editor elementor-clearfix\">\n\t\t\t\t<ul>\n \t<li class=\"p1\">\n<p class=\"p1\">Equity and debt financing<\/p>\n<\/li>\n \t<li class=\"p1\">\n<p class=\"p1\">Growth financing<\/p>\n<\/li>\n \t<li class=\"p1\">\n<p class=\"p1\">Acquisition financing<\/p>\n<\/li>\n \t<li class=\"p1\">\n<p class=\"p1\">Capital structure advisory<\/p>\n<\/li>\n \t<li class=\"p1\">\n<p class=\"p1\">Recapitalization and restructuring<\/p>\n<\/li>\n\n<li class=\"p1\">\n<p class=\"p1\">Independent IPO advisory<\/p>\n<\/li>\n\n<\/ul>\t\t\t\t\t<\/div>\n\t\t\t\t\t\t<\/div>\n\t\t\t\t<\/div>\n\t\t\t\t\t\t<\/div>\n\t\t\t\t\t<\/div>\n\t\t<\/div>\n\t\t\t\t\t\t\t\t<\/div>\n\t\t\t\t\t<\/div>\n\t\t<\/section>\n\t\t\t\t\t\t<\/div>\n\t\t\t\t\t<\/div>\n\t\t<\/div>\n\t\t\t\t\t\t\t\t<\/div>\n\t\t\t\t\t<\/div>\n\t\t<\/section>\n\t\t\t\t\t\t<\/div>\n\t\t\t\t\t\t<\/div>\n\t\t\t\t\t<\/div>","protected":false},"excerpt":{"rendered":"<p>Rahoitusj\u00e4rjestelyt Oman ja vieraan p\u00e4\u00e4oman ehtoiset rahoitus&shy;j\u00e4rjestelyt Rahoitusj\u00e4rjestelyiss\u00e4 avustamme asiakkaitamme oman ja vieraan p\u00e4\u00e4oman ehtoisen rahoituksen hankinnassa p\u00e4\u00e4omasijoittajilta, muilta sijoittajilta sek\u00e4 liikepankeilta. Pitk\u00e4aikainen kokemuksemme erilaisista rahoitusratkaisuista ja rahoittajien kanssa toimimisesta luovat meille edellytykset parhaan mahdollisen rahoitusratkaisun rakentamiseen asiakkaillemme. Tarvittaessa toimimme yhteisty\u00f6ss\u00e4 kansainv\u00e4listen investointipankkien kanssa tai avustamme asiakasta muiden neuvonantajien sek\u00e4 jakeluverkon valitsemisessa. Palveluihimme kuuluvat Oman [&hellip;]<\/p>","protected":false},"author":1,"featured_media":0,"parent":0,"menu_order":0,"comment_status":"closed","ping_status":"closed","template":"elementor_header_footer","meta":[],"yoast_head":"<!-- This site is optimized with the Yoast SEO plugin v18.2 - https:\/\/yoast.com\/wordpress\/plugins\/seo\/ -->\n<title>Rahoitusj\u00e4rjestelyt - Initia Corporate Finance<\/title>\n<meta name=\"description\" content=\"Rahoitusj\u00e4rjestelyiss\u00e4 avustamme asiakkaitamme oman ja vieraan p\u00e4\u00e4oman ehtoisen rahoituksen hankinnassa. Tutustu.\" \/>\n<meta name=\"robots\" content=\"index, follow, max-snippet:-1, max-image-preview:large, max-video-preview:-1\" \/>\n<link rel=\"canonical\" href=\"https:\/\/www.initia.fi\/en\/financing-arrangements\/\" \/>\n<meta property=\"og:locale\" content=\"en_GB\" \/>\n<meta property=\"og:type\" content=\"article\" \/>\n<meta property=\"og:title\" content=\"Rahoitusj\u00e4rjestelyt - Initia Corporate Finance\" \/>\n<meta property=\"og:description\" content=\"Rahoitusj\u00e4rjestelyiss\u00e4 avustamme asiakkaitamme oman ja vieraan p\u00e4\u00e4oman ehtoisen rahoituksen hankinnassa. Tutustu.\" \/>\n<meta property=\"og:url\" content=\"https:\/\/www.initia.fi\/en\/financing-arrangements\/\" \/>\n<meta property=\"og:site_name\" content=\"Initia Corporate Finance\" \/>\n<meta property=\"article:modified_time\" content=\"2022-02-23T07:14:39+00:00\" \/>\n<meta property=\"og:image\" content=\"http:\/\/www.initia.fi\/wp-content\/uploads\/2021\/01\/Initia-fill_12.jpg\" \/>\n<meta name=\"twitter:card\" content=\"summary_large_image\" \/>\n<meta name=\"twitter:label1\" content=\"Estimated reading time\" \/>\n\t<meta name=\"twitter:data1\" content=\"1 minute\" \/>\n<script type=\"application\/ld+json\" class=\"yoast-schema-graph\">{\"@context\":\"https:\/\/schema.org\",\"@graph\":[{\"@type\":\"Organization\",\"@id\":\"https:\/\/www.initia.fi\/#organization\",\"name\":\"Initia Oy\",\"url\":\"https:\/\/www.initia.fi\/\",\"sameAs\":[],\"logo\":{\"@type\":\"ImageObject\",\"@id\":\"https:\/\/www.initia.fi\/#logo\",\"inLanguage\":\"en-GB\",\"url\":\"https:\/\/www.initia.fi\/wp-content\/uploads\/2020\/07\/Initia-favicon_512x512.png\",\"contentUrl\":\"https:\/\/www.initia.fi\/wp-content\/uploads\/2020\/07\/Initia-favicon_512x512.png\",\"width\":512,\"height\":512,\"caption\":\"Initia Oy\"},\"image\":{\"@id\":\"https:\/\/www.initia.fi\/#logo\"}},{\"@type\":\"WebSite\",\"@id\":\"https:\/\/www.initia.fi\/#website\",\"url\":\"https:\/\/www.initia.fi\/\",\"name\":\"Initia Corporate Finance\",\"description\":\"Johtava suomalainen yritys- ja rahoitusj\u00e4rjestelyiden asiantuntija\",\"publisher\":{\"@id\":\"https:\/\/www.initia.fi\/#organization\"},\"potentialAction\":[{\"@type\":\"SearchAction\",\"target\":{\"@type\":\"EntryPoint\",\"urlTemplate\":\"https:\/\/www.initia.fi\/?s={search_term_string}\"},\"query-input\":\"required name=search_term_string\"}],\"inLanguage\":\"en-GB\"},{\"@type\":\"ImageObject\",\"@id\":\"https:\/\/www.initia.fi\/en\/financing-arrangements\/#primaryimage\",\"inLanguage\":\"en-GB\",\"url\":\"http:\/\/www.initia.fi\/wp-content\/uploads\/2021\/01\/Initia-fill_12.jpg\",\"contentUrl\":\"http:\/\/www.initia.fi\/wp-content\/uploads\/2021\/01\/Initia-fill_12.jpg\"},{\"@type\":\"WebPage\",\"@id\":\"https:\/\/www.initia.fi\/en\/financing-arrangements\/#webpage\",\"url\":\"https:\/\/www.initia.fi\/en\/financing-arrangements\/\",\"name\":\"Rahoitusj\u00e4rjestelyt - Initia Corporate Finance\",\"isPartOf\":{\"@id\":\"https:\/\/www.initia.fi\/#website\"},\"primaryImageOfPage\":{\"@id\":\"https:\/\/www.initia.fi\/en\/financing-arrangements\/#primaryimage\"},\"datePublished\":\"2020-07-16T08:29:37+00:00\",\"dateModified\":\"2022-02-23T07:14:39+00:00\",\"description\":\"Rahoitusj\u00e4rjestelyiss\u00e4 avustamme asiakkaitamme oman ja vieraan p\u00e4\u00e4oman ehtoisen rahoituksen hankinnassa. Tutustu.\",\"breadcrumb\":{\"@id\":\"https:\/\/www.initia.fi\/en\/financing-arrangements\/#breadcrumb\"},\"inLanguage\":\"en-GB\",\"potentialAction\":[{\"@type\":\"ReadAction\",\"target\":[\"https:\/\/www.initia.fi\/en\/financing-arrangements\/\"]}]},{\"@type\":\"BreadcrumbList\",\"@id\":\"https:\/\/www.initia.fi\/en\/financing-arrangements\/#breadcrumb\",\"itemListElement\":[{\"@type\":\"ListItem\",\"position\":1,\"name\":\"Etusivu\",\"item\":\"https:\/\/www.initia.fi\/\"},{\"@type\":\"ListItem\",\"position\":2,\"name\":\"Rahoitusj\u00e4rjestelyt\"}]}]}<\/script>\n<!-- \/ Yoast SEO plugin. -->","yoast_head_json":{"title":"Rahoitusj\u00e4rjestelyt - Initia Corporate Finance","description":"Rahoitusj\u00e4rjestelyiss\u00e4 avustamme asiakkaitamme oman ja vieraan p\u00e4\u00e4oman ehtoisen rahoituksen hankinnassa. Tutustu.","robots":{"index":"index","follow":"follow","max-snippet":"max-snippet:-1","max-image-preview":"max-image-preview:large","max-video-preview":"max-video-preview:-1"},"canonical":"https:\/\/www.initia.fi\/en\/financing-arrangements\/","og_locale":"en_GB","og_type":"article","og_title":"Rahoitusj\u00e4rjestelyt - Initia Corporate Finance","og_description":"Rahoitusj\u00e4rjestelyiss\u00e4 avustamme asiakkaitamme oman ja vieraan p\u00e4\u00e4oman ehtoisen rahoituksen hankinnassa. Tutustu.","og_url":"https:\/\/www.initia.fi\/en\/financing-arrangements\/","og_site_name":"Initia Corporate Finance","article_modified_time":"2022-02-23T07:14:39+00:00","og_image":[{"url":"http:\/\/www.initia.fi\/wp-content\/uploads\/2021\/01\/Initia-fill_12.jpg"}],"twitter_card":"summary_large_image","twitter_misc":{"Estimated reading time":"1 minute"},"schema":{"@context":"https:\/\/schema.org","@graph":[{"@type":"Organization","@id":"https:\/\/www.initia.fi\/#organization","name":"Initia Oy","url":"https:\/\/www.initia.fi\/","sameAs":[],"logo":{"@type":"ImageObject","@id":"https:\/\/www.initia.fi\/#logo","inLanguage":"en-GB","url":"https:\/\/www.initia.fi\/wp-content\/uploads\/2020\/07\/Initia-favicon_512x512.png","contentUrl":"https:\/\/www.initia.fi\/wp-content\/uploads\/2020\/07\/Initia-favicon_512x512.png","width":512,"height":512,"caption":"Initia Oy"},"image":{"@id":"https:\/\/www.initia.fi\/#logo"}},{"@type":"WebSite","@id":"https:\/\/www.initia.fi\/#website","url":"https:\/\/www.initia.fi\/","name":"Initia Corporate Finance","description":"Johtava suomalainen yritys- ja rahoitusj\u00e4rjestelyiden asiantuntija","publisher":{"@id":"https:\/\/www.initia.fi\/#organization"},"potentialAction":[{"@type":"SearchAction","target":{"@type":"EntryPoint","urlTemplate":"https:\/\/www.initia.fi\/?s={search_term_string}"},"query-input":"required name=search_term_string"}],"inLanguage":"en-GB"},{"@type":"ImageObject","@id":"https:\/\/www.initia.fi\/en\/financing-arrangements\/#primaryimage","inLanguage":"en-GB","url":"http:\/\/www.initia.fi\/wp-content\/uploads\/2021\/01\/Initia-fill_12.jpg","contentUrl":"http:\/\/www.initia.fi\/wp-content\/uploads\/2021\/01\/Initia-fill_12.jpg"},{"@type":"WebPage","@id":"https:\/\/www.initia.fi\/en\/financing-arrangements\/#webpage","url":"https:\/\/www.initia.fi\/en\/financing-arrangements\/","name":"Rahoitusj\u00e4rjestelyt - Initia Corporate Finance","isPartOf":{"@id":"https:\/\/www.initia.fi\/#website"},"primaryImageOfPage":{"@id":"https:\/\/www.initia.fi\/en\/financing-arrangements\/#primaryimage"},"datePublished":"2020-07-16T08:29:37+00:00","dateModified":"2022-02-23T07:14:39+00:00","description":"Rahoitusj\u00e4rjestelyiss\u00e4 avustamme asiakkaitamme oman ja vieraan p\u00e4\u00e4oman ehtoisen rahoituksen hankinnassa. Tutustu.","breadcrumb":{"@id":"https:\/\/www.initia.fi\/en\/financing-arrangements\/#breadcrumb"},"inLanguage":"en-GB","potentialAction":[{"@type":"ReadAction","target":["https:\/\/www.initia.fi\/en\/financing-arrangements\/"]}]},{"@type":"BreadcrumbList","@id":"https:\/\/www.initia.fi\/en\/financing-arrangements\/#breadcrumb","itemListElement":[{"@type":"ListItem","position":1,"name":"Etusivu","item":"https:\/\/www.initia.fi\/"},{"@type":"ListItem","position":2,"name":"Rahoitusj\u00e4rjestelyt"}]}]}},"_links":{"self":[{"href":"https:\/\/www.initia.fi\/en\/wp-json\/wp\/v2\/pages\/158"}],"collection":[{"href":"https:\/\/www.initia.fi\/en\/wp-json\/wp\/v2\/pages"}],"about":[{"href":"https:\/\/www.initia.fi\/en\/wp-json\/wp\/v2\/types\/page"}],"author":[{"embeddable":true,"href":"https:\/\/www.initia.fi\/en\/wp-json\/wp\/v2\/users\/1"}],"replies":[{"embeddable":true,"href":"https:\/\/www.initia.fi\/en\/wp-json\/wp\/v2\/comments?post=158"}],"version-history":[{"count":3,"href":"https:\/\/www.initia.fi\/en\/wp-json\/wp\/v2\/pages\/158\/revisions"}],"predecessor-version":[{"id":1314,"href":"https:\/\/www.initia.fi\/en\/wp-json\/wp\/v2\/pages\/158\/revisions\/1314"}],"wp:attachment":[{"href":"https:\/\/www.initia.fi\/en\/wp-json\/wp\/v2\/media?parent=158"}],"curies":[{"name":"wp","href":"https:\/\/api.w.org\/{rel}","templated":true}]}}