{"id":211,"date":"2020-07-16T12:12:08","date_gmt":"2020-07-16T09:12:08","guid":{"rendered":"http:\/\/www.initia.fi.testwww.yritysweb.fi\/?page_id=211"},"modified":"2022-02-23T09:18:05","modified_gmt":"2022-02-23T07:18:05","slug":"rekrytointi","status":"publish","type":"page","link":"https:\/\/www.initia.fi\/en\/rekrytointi\/","title":{"rendered":"Career"},"content":{"rendered":"<div data-elementor-type=\"wp-page\" data-elementor-id=\"211\" class=\"elementor elementor-211\" data-elementor-settings=\"[]\">\n\t\t\t\t\t\t<div class=\"elementor-inner\">\n\t\t\t\t\t\t\t<div class=\"elementor-section-wrap\">\n\t\t\t\t\t\t\t<section class=\"elementor-section elementor-top-section elementor-element elementor-element-744b856b elementor-section-height-min-height elementor-section-boxed elementor-section-height-default elementor-section-items-middle\" data-id=\"744b856b\" data-element_type=\"section\" data-settings=\"{&quot;background_background&quot;:&quot;classic&quot;}\">\n\t\t\t\t\t\t\t<div class=\"elementor-background-overlay\"><\/div>\n\t\t\t\t\t\t\t<div class=\"elementor-container elementor-column-gap-default\">\n\t\t\t\t\t\t\t<div class=\"elementor-row\">\n\t\t\t\t\t<div class=\"elementor-column elementor-col-100 elementor-top-column elementor-element elementor-element-6fc6fba5\" data-id=\"6fc6fba5\" data-element_type=\"column\">\n\t\t\t<div class=\"elementor-column-wrap elementor-element-populated\">\n\t\t\t\t\t\t\t<div class=\"elementor-widget-wrap\">\n\t\t\t\t\t\t<div class=\"elementor-element elementor-element-10b9ea61 elementor-widget elementor-widget-heading\" data-id=\"10b9ea61\" data-element_type=\"widget\" data-widget_type=\"heading.default\">\n\t\t\t\t<div class=\"elementor-widget-container\">\n\t\t\t<h1 class=\"elementor-heading-title elementor-size-default\">Career<\/h1>\t\t<\/div>\n\t\t\t\t<\/div>\n\t\t\t\t\t\t<\/div>\n\t\t\t\t\t<\/div>\n\t\t<\/div>\n\t\t\t\t\t\t\t\t<\/div>\n\t\t\t\t\t<\/div>\n\t\t<\/section>\n\t\t\t\t<section class=\"elementor-section elementor-top-section elementor-element elementor-element-1acf2d99 elementor-section-boxed elementor-section-height-default elementor-section-height-default\" data-id=\"1acf2d99\" data-element_type=\"section\">\n\t\t\t\t\t\t<div class=\"elementor-container elementor-column-gap-default\">\n\t\t\t\t\t\t\t<div class=\"elementor-row\">\n\t\t\t\t\t<div class=\"elementor-column elementor-col-50 elementor-top-column elementor-element elementor-element-2f5bdc9e\" data-id=\"2f5bdc9e\" data-element_type=\"column\">\n\t\t\t<div class=\"elementor-column-wrap elementor-element-populated\">\n\t\t\t\t\t\t\t<div class=\"elementor-widget-wrap\">\n\t\t\t\t\t\t<div class=\"elementor-element elementor-element-24660e60 elementor-widget elementor-widget-heading\" data-id=\"24660e60\" data-element_type=\"widget\" data-widget_type=\"heading.default\">\n\t\t\t\t<div class=\"elementor-widget-container\">\n\t\t\t<h2 class=\"elementor-heading-title elementor-size-default translation-block\">Career opportunities<\/h2>\t\t<\/div>\n\t\t\t\t<\/div>\n\t\t\t\t\t\t<\/div>\n\t\t\t\t\t<\/div>\n\t\t<\/div>\n\t\t\t\t<div class=\"elementor-column elementor-col-50 elementor-top-column elementor-element elementor-element-606c4a94\" data-id=\"606c4a94\" data-element_type=\"column\">\n\t\t\t<div class=\"elementor-column-wrap elementor-element-populated\">\n\t\t\t\t\t\t\t<div class=\"elementor-widget-wrap\">\n\t\t\t\t\t\t<div class=\"elementor-element elementor-element-471e5feb elementor-widget elementor-widget-text-editor\" data-id=\"471e5feb\" data-element_type=\"widget\" data-widget_type=\"text-editor.default\">\n\t\t\t\t<div class=\"elementor-widget-container\">\n\t\t\t\t\t\t\t\t<div class=\"elementor-text-editor elementor-clearfix\">\n\t\t\t\t<p class=\"p1\">We are constantly searching for new talents to join us. Applicants are expected to have a strong academic track record or relevant work experience.<\/p>\n<p class=\"p1\">If you are interested in joining us, please send your CV and cover letter to Lauri Pohjavuori.\n<\/p>\t\t\t\t\t<\/div>\n\t\t\t\t\t\t<\/div>\n\t\t\t\t<\/div>\n\t\t\t\t\t\t<\/div>\n\t\t\t\t\t<\/div>\n\t\t<\/div>\n\t\t\t\t\t\t\t\t<\/div>\n\t\t\t\t\t<\/div>\n\t\t<\/section>\n\t\t\t\t<section class=\"elementor-section elementor-top-section elementor-element elementor-element-9e293da elementor-section-boxed elementor-section-height-default elementor-section-height-default\" data-id=\"9e293da\" data-element_type=\"section\">\n\t\t\t\t\t\t<div class=\"elementor-container elementor-column-gap-default\">\n\t\t\t\t\t\t\t<div class=\"elementor-row\">\n\t\t\t\t\t<div class=\"elementor-column elementor-col-100 elementor-top-column elementor-element elementor-element-b0bd1a6\" data-id=\"b0bd1a6\" data-element_type=\"column\">\n\t\t\t<div class=\"elementor-column-wrap elementor-element-populated\">\n\t\t\t\t\t\t\t<div class=\"elementor-widget-wrap\">\n\t\t\t\t\t\t<section class=\"elementor-section elementor-inner-section elementor-element elementor-element-69812a8 elementor-section-boxed elementor-section-height-default elementor-section-height-default\" data-id=\"69812a8\" data-element_type=\"section\">\n\t\t\t\t\t\t<div class=\"elementor-container elementor-column-gap-default\">\n\t\t\t\t\t\t\t<div class=\"elementor-row\">\n\t\t\t\t\t<div class=\"elementor-column elementor-col-50 elementor-inner-column elementor-element elementor-element-d8fb120\" data-id=\"d8fb120\" data-element_type=\"column\">\n\t\t\t<div class=\"elementor-column-wrap elementor-element-populated\">\n\t\t\t\t\t\t\t<div class=\"elementor-widget-wrap\">\n\t\t\t\t\t\t<div class=\"elementor-element elementor-element-64e117a elementor-widget elementor-widget-image\" data-id=\"64e117a\" data-element_type=\"widget\" data-widget_type=\"image.default\">\n\t\t\t\t<div class=\"elementor-widget-container\">\n\t\t\t\t\t\t\t\t<div class=\"elementor-image\">\n\t\t\t\t\t\t\t\t\t\t\t\t<img width=\"676\" height=\"800\" src=\"https:\/\/www.initia.fi\/wp-content\/uploads\/2020\/07\/Initia-tiimi_05_1.jpg\" class=\"attachment-full size-full\" alt=\"\" loading=\"lazy\" srcset=\"https:\/\/www.initia.fi\/wp-content\/uploads\/2020\/07\/Initia-tiimi_05_1.jpg 676w, https:\/\/www.initia.fi\/wp-content\/uploads\/2020\/07\/Initia-tiimi_05_1-254x300.jpg 254w\" sizes=\"(max-width: 676px) 100vw, 676px\" \/>\t\t\t\t\t\t\t\t\t\t\t\t\t\t<\/div>\n\t\t\t\t\t\t<\/div>\n\t\t\t\t<\/div>\n\t\t\t\t\t\t<\/div>\n\t\t\t\t\t<\/div>\n\t\t<\/div>\n\t\t\t\t<div class=\"elementor-column elementor-col-50 elementor-inner-column elementor-element elementor-element-6dfd6fa\" data-id=\"6dfd6fa\" data-element_type=\"column\">\n\t\t\t<div class=\"elementor-column-wrap elementor-element-populated\">\n\t\t\t\t\t\t\t<div class=\"elementor-widget-wrap\">\n\t\t\t\t\t\t<div class=\"elementor-element elementor-element-d3b1b5b elementor-widget elementor-widget-heading\" data-id=\"d3b1b5b\" data-element_type=\"widget\" data-widget_type=\"heading.default\">\n\t\t\t\t<div class=\"elementor-widget-container\">\n\t\t\t<h3 class=\"elementor-heading-title elementor-size-default\">Lauri Pohjavuori<\/h3>\t\t<\/div>\n\t\t\t\t<\/div>\n\t\t\t\t<div class=\"elementor-element elementor-element-7ba6cf8 elementor-widget elementor-widget-text-editor\" data-id=\"7ba6cf8\" data-element_type=\"widget\" data-widget_type=\"text-editor.default\">\n\t\t\t\t<div class=\"elementor-widget-container\">\n\t\t\t\t\t\t\t\t<div class=\"elementor-text-editor elementor-clearfix\">\n\t\t\t\t<p class=\"p1\">Please send your CV and cover letter to:<\/p><p class=\"p1\"><a href=\"mailto:lauri.pohjavuori@initia.fi\">lauri.pohjavuori@initia.fi<\/a><\/p><p class=\"p1\">For more information, please call: <a href=\"tel:+358407723736\">+358 40 772 3736<\/a><\/p>\t\t\t\t\t<\/div>\n\t\t\t\t\t\t<\/div>\n\t\t\t\t<\/div>\n\t\t\t\t\t\t<\/div>\n\t\t\t\t\t<\/div>\n\t\t<\/div>\n\t\t\t\t\t\t\t\t<\/div>\n\t\t\t\t\t<\/div>\n\t\t<\/section>\n\t\t\t\t\t\t<\/div>\n\t\t\t\t\t<\/div>\n\t\t<\/div>\n\t\t\t\t\t\t\t\t<\/div>\n\t\t\t\t\t<\/div>\n\t\t<\/section>\n\t\t\t\t\t\t<\/div>\n\t\t\t\t\t\t<\/div>\n\t\t\t\t\t<\/div>","protected":false},"excerpt":{"rendered":"<p>Rekrytointi Uramahdolli&shy;suudetmeill\u00e4 Haemme kasvumme my\u00f6t\u00e4 jatkuvasti uusia osaajia. Hakijoilta edellyt\u00e4mme hyv\u00e4\u00e4 akateemista menestyst\u00e4 tai n\u00e4ytt\u00f6j\u00e4 ty\u00f6el\u00e4m\u00e4st\u00e4. Jos olet kiinnostunut liittym\u00e4\u00e4n joukkoomme, voit l\u00e4hett\u00e4\u00e4 vapaamuotoisen hakemuksen Lauri Pohjavuorelle. Lauri Pohjavuori L\u00e4het\u00e4 vapaamuotoinen hakemus: lauri.pohjavuori@initia.fi Tai soita: +358 40 772 3736<\/p>","protected":false},"author":1,"featured_media":0,"parent":0,"menu_order":0,"comment_status":"closed","ping_status":"closed","template":"elementor_header_footer","meta":[],"yoast_head":"<!-- This site is optimized with the Yoast SEO plugin v18.2 - https:\/\/yoast.com\/wordpress\/plugins\/seo\/ -->\n<title>Rekrytointi - Initia Corporate Finance<\/title>\n<meta name=\"description\" content=\"Haemme kasvumme my\u00f6t\u00e4 jatkuvasti uusia osaajia. Jos olet kiinnostunut liittym\u00e4\u00e4n joukkoomme, voit l\u00e4hett\u00e4\u00e4 vapaamuotoisen hakemuksen.\" \/>\n<meta name=\"robots\" content=\"index, follow, max-snippet:-1, max-image-preview:large, max-video-preview:-1\" \/>\n<link rel=\"canonical\" href=\"https:\/\/www.initia.fi\/en\/rekrytointi\/\" \/>\n<meta property=\"og:locale\" content=\"en_GB\" \/>\n<meta property=\"og:type\" content=\"article\" \/>\n<meta property=\"og:title\" content=\"Rekrytointi - Initia Corporate Finance\" \/>\n<meta property=\"og:description\" content=\"Haemme kasvumme my\u00f6t\u00e4 jatkuvasti uusia osaajia. Jos olet kiinnostunut liittym\u00e4\u00e4n joukkoomme, voit l\u00e4hett\u00e4\u00e4 vapaamuotoisen hakemuksen.\" \/>\n<meta property=\"og:url\" content=\"https:\/\/www.initia.fi\/en\/rekrytointi\/\" \/>\n<meta property=\"og:site_name\" content=\"Initia Corporate Finance\" \/>\n<meta property=\"article:modified_time\" content=\"2022-02-23T07:18:05+00:00\" \/>\n<meta property=\"og:image\" content=\"http:\/\/www.initia.fi\/wp-content\/uploads\/2020\/07\/Initia-tiimi_05_1.jpg\" \/>\n<meta name=\"twitter:card\" content=\"summary_large_image\" \/>\n<meta name=\"twitter:label1\" content=\"Estimated reading time\" \/>\n\t<meta name=\"twitter:data1\" content=\"1 minute\" \/>\n<script type=\"application\/ld+json\" class=\"yoast-schema-graph\">{\"@context\":\"https:\/\/schema.org\",\"@graph\":[{\"@type\":\"Organization\",\"@id\":\"https:\/\/www.initia.fi\/#organization\",\"name\":\"Initia Oy\",\"url\":\"https:\/\/www.initia.fi\/\",\"sameAs\":[],\"logo\":{\"@type\":\"ImageObject\",\"@id\":\"https:\/\/www.initia.fi\/#logo\",\"inLanguage\":\"en-GB\",\"url\":\"https:\/\/www.initia.fi\/wp-content\/uploads\/2020\/07\/Initia-favicon_512x512.png\",\"contentUrl\":\"https:\/\/www.initia.fi\/wp-content\/uploads\/2020\/07\/Initia-favicon_512x512.png\",\"width\":512,\"height\":512,\"caption\":\"Initia Oy\"},\"image\":{\"@id\":\"https:\/\/www.initia.fi\/#logo\"}},{\"@type\":\"WebSite\",\"@id\":\"https:\/\/www.initia.fi\/#website\",\"url\":\"https:\/\/www.initia.fi\/\",\"name\":\"Initia Corporate Finance\",\"description\":\"Johtava suomalainen yritys- ja rahoitusj\u00e4rjestelyiden asiantuntija\",\"publisher\":{\"@id\":\"https:\/\/www.initia.fi\/#organization\"},\"potentialAction\":[{\"@type\":\"SearchAction\",\"target\":{\"@type\":\"EntryPoint\",\"urlTemplate\":\"https:\/\/www.initia.fi\/?s={search_term_string}\"},\"query-input\":\"required name=search_term_string\"}],\"inLanguage\":\"en-GB\"},{\"@type\":\"ImageObject\",\"@id\":\"https:\/\/www.initia.fi\/en\/rekrytointi\/#primaryimage\",\"inLanguage\":\"en-GB\",\"url\":\"http:\/\/www.initia.fi\/wp-content\/uploads\/2020\/07\/Initia-tiimi_05_1.jpg\",\"contentUrl\":\"http:\/\/www.initia.fi\/wp-content\/uploads\/2020\/07\/Initia-tiimi_05_1.jpg\"},{\"@type\":\"WebPage\",\"@id\":\"https:\/\/www.initia.fi\/en\/rekrytointi\/#webpage\",\"url\":\"https:\/\/www.initia.fi\/en\/rekrytointi\/\",\"name\":\"Rekrytointi - Initia Corporate Finance\",\"isPartOf\":{\"@id\":\"https:\/\/www.initia.fi\/#website\"},\"primaryImageOfPage\":{\"@id\":\"https:\/\/www.initia.fi\/en\/rekrytointi\/#primaryimage\"},\"datePublished\":\"2020-07-16T09:12:08+00:00\",\"dateModified\":\"2022-02-23T07:18:05+00:00\",\"description\":\"Haemme kasvumme my\u00f6t\u00e4 jatkuvasti uusia osaajia. Jos olet kiinnostunut liittym\u00e4\u00e4n joukkoomme, voit l\u00e4hett\u00e4\u00e4 vapaamuotoisen hakemuksen.\",\"breadcrumb\":{\"@id\":\"https:\/\/www.initia.fi\/en\/rekrytointi\/#breadcrumb\"},\"inLanguage\":\"en-GB\",\"potentialAction\":[{\"@type\":\"ReadAction\",\"target\":[\"https:\/\/www.initia.fi\/en\/rekrytointi\/\"]}]},{\"@type\":\"BreadcrumbList\",\"@id\":\"https:\/\/www.initia.fi\/en\/rekrytointi\/#breadcrumb\",\"itemListElement\":[{\"@type\":\"ListItem\",\"position\":1,\"name\":\"Etusivu\",\"item\":\"https:\/\/www.initia.fi\/\"},{\"@type\":\"ListItem\",\"position\":2,\"name\":\"Rekrytointi\"}]}]}<\/script>\n<!-- \/ Yoast SEO plugin. -->","yoast_head_json":{"title":"Rekrytointi - Initia Corporate Finance","description":"Haemme kasvumme my\u00f6t\u00e4 jatkuvasti uusia osaajia. Jos olet kiinnostunut liittym\u00e4\u00e4n joukkoomme, voit l\u00e4hett\u00e4\u00e4 vapaamuotoisen hakemuksen.","robots":{"index":"index","follow":"follow","max-snippet":"max-snippet:-1","max-image-preview":"max-image-preview:large","max-video-preview":"max-video-preview:-1"},"canonical":"https:\/\/www.initia.fi\/en\/rekrytointi\/","og_locale":"en_GB","og_type":"article","og_title":"Rekrytointi - Initia Corporate Finance","og_description":"Haemme kasvumme my\u00f6t\u00e4 jatkuvasti uusia osaajia. Jos olet kiinnostunut liittym\u00e4\u00e4n joukkoomme, voit l\u00e4hett\u00e4\u00e4 vapaamuotoisen hakemuksen.","og_url":"https:\/\/www.initia.fi\/en\/rekrytointi\/","og_site_name":"Initia Corporate Finance","article_modified_time":"2022-02-23T07:18:05+00:00","og_image":[{"url":"http:\/\/www.initia.fi\/wp-content\/uploads\/2020\/07\/Initia-tiimi_05_1.jpg"}],"twitter_card":"summary_large_image","twitter_misc":{"Estimated reading time":"1 minute"},"schema":{"@context":"https:\/\/schema.org","@graph":[{"@type":"Organization","@id":"https:\/\/www.initia.fi\/#organization","name":"Initia Oy","url":"https:\/\/www.initia.fi\/","sameAs":[],"logo":{"@type":"ImageObject","@id":"https:\/\/www.initia.fi\/#logo","inLanguage":"en-GB","url":"https:\/\/www.initia.fi\/wp-content\/uploads\/2020\/07\/Initia-favicon_512x512.png","contentUrl":"https:\/\/www.initia.fi\/wp-content\/uploads\/2020\/07\/Initia-favicon_512x512.png","width":512,"height":512,"caption":"Initia Oy"},"image":{"@id":"https:\/\/www.initia.fi\/#logo"}},{"@type":"WebSite","@id":"https:\/\/www.initia.fi\/#website","url":"https:\/\/www.initia.fi\/","name":"Initia Corporate Finance","description":"Johtava suomalainen yritys- ja rahoitusj\u00e4rjestelyiden asiantuntija","publisher":{"@id":"https:\/\/www.initia.fi\/#organization"},"potentialAction":[{"@type":"SearchAction","target":{"@type":"EntryPoint","urlTemplate":"https:\/\/www.initia.fi\/?s={search_term_string}"},"query-input":"required name=search_term_string"}],"inLanguage":"en-GB"},{"@type":"ImageObject","@id":"https:\/\/www.initia.fi\/en\/rekrytointi\/#primaryimage","inLanguage":"en-GB","url":"http:\/\/www.initia.fi\/wp-content\/uploads\/2020\/07\/Initia-tiimi_05_1.jpg","contentUrl":"http:\/\/www.initia.fi\/wp-content\/uploads\/2020\/07\/Initia-tiimi_05_1.jpg"},{"@type":"WebPage","@id":"https:\/\/www.initia.fi\/en\/rekrytointi\/#webpage","url":"https:\/\/www.initia.fi\/en\/rekrytointi\/","name":"Rekrytointi - Initia Corporate Finance","isPartOf":{"@id":"https:\/\/www.initia.fi\/#website"},"primaryImageOfPage":{"@id":"https:\/\/www.initia.fi\/en\/rekrytointi\/#primaryimage"},"datePublished":"2020-07-16T09:12:08+00:00","dateModified":"2022-02-23T07:18:05+00:00","description":"Haemme kasvumme my\u00f6t\u00e4 jatkuvasti uusia osaajia. Jos olet kiinnostunut liittym\u00e4\u00e4n joukkoomme, voit l\u00e4hett\u00e4\u00e4 vapaamuotoisen hakemuksen.","breadcrumb":{"@id":"https:\/\/www.initia.fi\/en\/rekrytointi\/#breadcrumb"},"inLanguage":"en-GB","potentialAction":[{"@type":"ReadAction","target":["https:\/\/www.initia.fi\/en\/rekrytointi\/"]}]},{"@type":"BreadcrumbList","@id":"https:\/\/www.initia.fi\/en\/rekrytointi\/#breadcrumb","itemListElement":[{"@type":"ListItem","position":1,"name":"Etusivu","item":"https:\/\/www.initia.fi\/"},{"@type":"ListItem","position":2,"name":"Rekrytointi"}]}]}},"_links":{"self":[{"href":"https:\/\/www.initia.fi\/en\/wp-json\/wp\/v2\/pages\/211"}],"collection":[{"href":"https:\/\/www.initia.fi\/en\/wp-json\/wp\/v2\/pages"}],"about":[{"href":"https:\/\/www.initia.fi\/en\/wp-json\/wp\/v2\/types\/page"}],"author":[{"embeddable":true,"href":"https:\/\/www.initia.fi\/en\/wp-json\/wp\/v2\/users\/1"}],"replies":[{"embeddable":true,"href":"https:\/\/www.initia.fi\/en\/wp-json\/wp\/v2\/comments?post=211"}],"version-history":[{"count":6,"href":"https:\/\/www.initia.fi\/en\/wp-json\/wp\/v2\/pages\/211\/revisions"}],"predecessor-version":[{"id":1323,"href":"https:\/\/www.initia.fi\/en\/wp-json\/wp\/v2\/pages\/211\/revisions\/1323"}],"wp:attachment":[{"href":"https:\/\/www.initia.fi\/en\/wp-json\/wp\/v2\/media?parent=211"}],"curies":[{"name":"wp","href":"https:\/\/api.w.org\/{rel}","templated":true}]}}