{"id":588,"date":"2020-11-27T14:56:09","date_gmt":"2020-11-27T12:56:09","guid":{"rendered":"http:\/\/www.initia.fi.testwww.yritysweb.fi\/?page_id=588"},"modified":"2022-02-23T09:19:12","modified_gmt":"2022-02-23T07:19:12","slug":"yhteystiedot","status":"publish","type":"page","link":"https:\/\/www.initia.fi\/en\/contact\/","title":{"rendered":"Contact"},"content":{"rendered":"<div data-elementor-type=\"wp-page\" data-elementor-id=\"588\" class=\"elementor elementor-588\" data-elementor-settings=\"[]\">\n\t\t\t\t\t\t<div class=\"elementor-inner\">\n\t\t\t\t\t\t\t<div class=\"elementor-section-wrap\">\n\t\t\t\t\t\t\t<section class=\"elementor-section elementor-top-section elementor-element elementor-element-744b856b elementor-section-height-min-height elementor-section-boxed elementor-section-height-default elementor-section-items-middle\" data-id=\"744b856b\" data-element_type=\"section\" data-settings=\"{&quot;background_background&quot;:&quot;classic&quot;}\">\n\t\t\t\t\t\t\t<div class=\"elementor-background-overlay\"><\/div>\n\t\t\t\t\t\t\t<div class=\"elementor-container elementor-column-gap-default\">\n\t\t\t\t\t\t\t<div class=\"elementor-row\">\n\t\t\t\t\t<div class=\"elementor-column elementor-col-100 elementor-top-column elementor-element elementor-element-6fc6fba5\" data-id=\"6fc6fba5\" data-element_type=\"column\">\n\t\t\t<div class=\"elementor-column-wrap elementor-element-populated\">\n\t\t\t\t\t\t\t<div class=\"elementor-widget-wrap\">\n\t\t\t\t\t\t<div class=\"elementor-element elementor-element-10b9ea61 elementor-widget elementor-widget-heading\" data-id=\"10b9ea61\" data-element_type=\"widget\" data-widget_type=\"heading.default\">\n\t\t\t\t<div class=\"elementor-widget-container\">\n\t\t\t<h1 class=\"elementor-heading-title elementor-size-default\">Contact<\/h1>\t\t<\/div>\n\t\t\t\t<\/div>\n\t\t\t\t\t\t<\/div>\n\t\t\t\t\t<\/div>\n\t\t<\/div>\n\t\t\t\t\t\t\t\t<\/div>\n\t\t\t\t\t<\/div>\n\t\t<\/section>\n\t\t\t\t<section class=\"elementor-section elementor-top-section elementor-element elementor-element-9e293da elementor-section-boxed elementor-section-height-default elementor-section-height-default\" data-id=\"9e293da\" data-element_type=\"section\">\n\t\t\t\t\t\t<div class=\"elementor-container elementor-column-gap-default\">\n\t\t\t\t\t\t\t<div class=\"elementor-row\">\n\t\t\t\t\t<div class=\"elementor-column elementor-col-100 elementor-top-column elementor-element elementor-element-b0bd1a6\" data-id=\"b0bd1a6\" data-element_type=\"column\">\n\t\t\t<div class=\"elementor-column-wrap elementor-element-populated\">\n\t\t\t\t\t\t\t<div class=\"elementor-widget-wrap\">\n\t\t\t\t\t\t<section class=\"elementor-section elementor-inner-section elementor-element elementor-element-69812a8 elementor-section-boxed elementor-section-height-default elementor-section-height-default\" data-id=\"69812a8\" data-element_type=\"section\">\n\t\t\t\t\t\t<div class=\"elementor-container elementor-column-gap-default\">\n\t\t\t\t\t\t\t<div class=\"elementor-row\">\n\t\t\t\t\t<div class=\"elementor-column elementor-col-50 elementor-inner-column elementor-element elementor-element-d8fb120\" data-id=\"d8fb120\" data-element_type=\"column\">\n\t\t\t<div class=\"elementor-column-wrap elementor-element-populated\">\n\t\t\t\t\t\t\t<div class=\"elementor-widget-wrap\">\n\t\t\t\t\t\t<div class=\"elementor-element elementor-element-6f5c37a elementor-widget elementor-widget-image\" data-id=\"6f5c37a\" data-element_type=\"widget\" data-widget_type=\"image.default\">\n\t\t\t\t<div class=\"elementor-widget-container\">\n\t\t\t\t\t\t\t\t<div class=\"elementor-image\">\n\t\t\t\t\t\t\t\t\t\t\t\t<img width=\"580\" height=\"517\" src=\"https:\/\/www.initia.fi\/wp-content\/uploads\/2020\/12\/Initia-fill_08.jpg\" class=\"attachment-large size-large\" alt=\"\" loading=\"lazy\" srcset=\"https:\/\/www.initia.fi\/wp-content\/uploads\/2020\/12\/Initia-fill_08.jpg 640w, https:\/\/www.initia.fi\/wp-content\/uploads\/2020\/12\/Initia-fill_08-300x267.jpg 300w\" sizes=\"(max-width: 580px) 100vw, 580px\" \/>\t\t\t\t\t\t\t\t\t\t\t\t\t\t<\/div>\n\t\t\t\t\t\t<\/div>\n\t\t\t\t<\/div>\n\t\t\t\t\t\t<\/div>\n\t\t\t\t\t<\/div>\n\t\t<\/div>\n\t\t\t\t<div class=\"elementor-column elementor-col-50 elementor-inner-column elementor-element elementor-element-6dfd6fa\" data-id=\"6dfd6fa\" data-element_type=\"column\">\n\t\t\t<div class=\"elementor-column-wrap elementor-element-populated\">\n\t\t\t\t\t\t\t<div class=\"elementor-widget-wrap\">\n\t\t\t\t\t\t<div class=\"elementor-element elementor-element-20cdd36 elementor-widget elementor-widget-heading\" data-id=\"20cdd36\" data-element_type=\"widget\" data-widget_type=\"heading.default\">\n\t\t\t\t<div class=\"elementor-widget-container\">\n\t\t\t<h2 class=\"elementor-heading-title elementor-size-default\">Initia Oy<\/h2>\t\t<\/div>\n\t\t\t\t<\/div>\n\t\t\t\t<div class=\"elementor-element elementor-element-11ab21ef elementor-tablet-align-center elementor-icon-list--layout-traditional elementor-list-item-link-full_width elementor-widget elementor-widget-icon-list\" data-id=\"11ab21ef\" data-element_type=\"widget\" data-widget_type=\"icon-list.default\">\n\t\t\t\t<div class=\"elementor-widget-container\">\n\t\t\t\t\t<ul class=\"elementor-icon-list-items\">\n\t\t\t\t\t\t\t<li class=\"elementor-icon-list-item\">\n\t\t\t\t\t\t\t\t\t\t\t<a href=\"https:\/\/www.google.fi\/maps\/place\/Initia+Oy\/@60.1649692,24.9422715,18.5z\/data=!4m5!3m4!1s0x46920bcb0ce6dae5:0x7f4604fab80ca81e!8m2!3d60.1650809!4d24.9423421\">\n\n\t\t\t\t\t\t\t\t\t\t\t\t<span class=\"elementor-icon-list-icon\">\n\t\t\t\t\t\t\t<i aria-hidden=\"true\" class=\"fas fa-map-marker-alt\"><\/i>\t\t\t\t\t\t<\/span>\n\t\t\t\t\t\t\t\t\t\t<span class=\"elementor-icon-list-text\">Uudenmaankatu 7, 00120 Helsinki<\/span>\n\t\t\t\t\t\t\t\t\t\t\t<\/a>\n\t\t\t\t\t\t\t\t\t<\/li>\n\t\t\t\t\t\t\t\t<li class=\"elementor-icon-list-item\">\n\t\t\t\t\t\t\t\t\t\t\t<a href=\"mailto:info@initia.fi\">\n\n\t\t\t\t\t\t\t\t\t\t\t\t<span class=\"elementor-icon-list-icon\">\n\t\t\t\t\t\t\t<i aria-hidden=\"true\" class=\"fas fa-envelope\"><\/i>\t\t\t\t\t\t<\/span>\n\t\t\t\t\t\t\t\t\t\t<span class=\"elementor-icon-list-text\">info@initia.fi<\/span>\n\t\t\t\t\t\t\t\t\t\t\t<\/a>\n\t\t\t\t\t\t\t\t\t<\/li>\n\t\t\t\t\t\t\t\t<li class=\"elementor-icon-list-item\">\n\t\t\t\t\t\t\t\t\t\t\t<a href=\"https:\/\/www.initia.fi\/en\/tiimi\/\">\n\n\t\t\t\t\t\t\t\t\t\t\t\t<span class=\"elementor-icon-list-icon\">\n\t\t\t\t\t\t\t<i aria-hidden=\"true\" class=\"far fa-address-card\"><\/i>\t\t\t\t\t\t<\/span>\n\t\t\t\t\t\t\t\t\t\t<span class=\"elementor-icon-list-text\">Contact our team<\/span>\n\t\t\t\t\t\t\t\t\t\t\t<\/a>\n\t\t\t\t\t\t\t\t\t<\/li>\n\t\t\t\t\t\t<\/ul>\n\t\t\t\t<\/div>\n\t\t\t\t<\/div>\n\t\t\t\t\t\t<\/div>\n\t\t\t\t\t<\/div>\n\t\t<\/div>\n\t\t\t\t\t\t\t\t<\/div>\n\t\t\t\t\t<\/div>\n\t\t<\/section>\n\t\t\t\t\t\t<\/div>\n\t\t\t\t\t<\/div>\n\t\t<\/div>\n\t\t\t\t\t\t\t\t<\/div>\n\t\t\t\t\t<\/div>\n\t\t<\/section>\n\t\t\t\t\t\t<\/div>\n\t\t\t\t\t\t<\/div>\n\t\t\t\t\t<\/div>","protected":false},"excerpt":{"rendered":"<p>Yhteystiedot Initia Oy Uudenmaankatu 7, 00120 Helsinki info@initia.fi Tiimin yhteystiedot<\/p>","protected":false},"author":1,"featured_media":0,"parent":0,"menu_order":0,"comment_status":"closed","ping_status":"closed","template":"elementor_header_footer","meta":[],"yoast_head":"<!-- This site is optimized with the Yoast SEO plugin v18.2 - https:\/\/yoast.com\/wordpress\/plugins\/seo\/ -->\n<title>Yhteystiedot - Initia Corporate Finance<\/title>\n<meta name=\"description\" content=\"Meid\u00e4t l\u00f6yd\u00e4t Uudenmaankadulta Helsingist\u00e4. Katso kaikki yhteystiedot tai tutustu tarkemmin palveluihimme.\" \/>\n<meta name=\"robots\" content=\"index, follow, max-snippet:-1, max-image-preview:large, max-video-preview:-1\" \/>\n<link rel=\"canonical\" href=\"https:\/\/www.initia.fi\/en\/contact\/\" \/>\n<meta property=\"og:locale\" content=\"en_GB\" \/>\n<meta property=\"og:type\" content=\"article\" \/>\n<meta property=\"og:title\" content=\"Yhteystiedot - Initia Corporate Finance\" \/>\n<meta property=\"og:description\" content=\"Meid\u00e4t l\u00f6yd\u00e4t Uudenmaankadulta Helsingist\u00e4. Katso kaikki yhteystiedot tai tutustu tarkemmin palveluihimme.\" \/>\n<meta property=\"og:url\" content=\"https:\/\/www.initia.fi\/en\/contact\/\" \/>\n<meta property=\"og:site_name\" content=\"Initia Corporate Finance\" \/>\n<meta property=\"article:modified_time\" content=\"2022-02-23T07:19:12+00:00\" \/>\n<meta property=\"og:image\" content=\"http:\/\/www.initia.fi\/wp-content\/uploads\/2020\/12\/Initia-fill_08.jpg\" \/>\n<meta name=\"twitter:card\" content=\"summary_large_image\" \/>\n<meta name=\"twitter:label1\" content=\"Estimated reading time\" \/>\n\t<meta name=\"twitter:data1\" content=\"1 minute\" \/>\n<script type=\"application\/ld+json\" class=\"yoast-schema-graph\">{\"@context\":\"https:\/\/schema.org\",\"@graph\":[{\"@type\":\"Organization\",\"@id\":\"https:\/\/www.initia.fi\/#organization\",\"name\":\"Initia Oy\",\"url\":\"https:\/\/www.initia.fi\/\",\"sameAs\":[],\"logo\":{\"@type\":\"ImageObject\",\"@id\":\"https:\/\/www.initia.fi\/#logo\",\"inLanguage\":\"en-GB\",\"url\":\"https:\/\/www.initia.fi\/wp-content\/uploads\/2020\/07\/Initia-favicon_512x512.png\",\"contentUrl\":\"https:\/\/www.initia.fi\/wp-content\/uploads\/2020\/07\/Initia-favicon_512x512.png\",\"width\":512,\"height\":512,\"caption\":\"Initia Oy\"},\"image\":{\"@id\":\"https:\/\/www.initia.fi\/#logo\"}},{\"@type\":\"WebSite\",\"@id\":\"https:\/\/www.initia.fi\/#website\",\"url\":\"https:\/\/www.initia.fi\/\",\"name\":\"Initia Corporate Finance\",\"description\":\"Johtava suomalainen yritys- ja rahoitusj\u00e4rjestelyiden asiantuntija\",\"publisher\":{\"@id\":\"https:\/\/www.initia.fi\/#organization\"},\"potentialAction\":[{\"@type\":\"SearchAction\",\"target\":{\"@type\":\"EntryPoint\",\"urlTemplate\":\"https:\/\/www.initia.fi\/?s={search_term_string}\"},\"query-input\":\"required name=search_term_string\"}],\"inLanguage\":\"en-GB\"},{\"@type\":\"ImageObject\",\"@id\":\"https:\/\/www.initia.fi\/yhteystiedot\/#primaryimage\",\"inLanguage\":\"en-GB\",\"url\":\"http:\/\/www.initia.fi\/wp-content\/uploads\/2020\/12\/Initia-fill_08.jpg\",\"contentUrl\":\"http:\/\/www.initia.fi\/wp-content\/uploads\/2020\/12\/Initia-fill_08.jpg\"},{\"@type\":\"WebPage\",\"@id\":\"https:\/\/www.initia.fi\/yhteystiedot\/#webpage\",\"url\":\"https:\/\/www.initia.fi\/yhteystiedot\/\",\"name\":\"Yhteystiedot - Initia Corporate Finance\",\"isPartOf\":{\"@id\":\"https:\/\/www.initia.fi\/#website\"},\"primaryImageOfPage\":{\"@id\":\"https:\/\/www.initia.fi\/yhteystiedot\/#primaryimage\"},\"datePublished\":\"2020-11-27T12:56:09+00:00\",\"dateModified\":\"2022-02-23T07:19:12+00:00\",\"description\":\"Meid\u00e4t l\u00f6yd\u00e4t Uudenmaankadulta Helsingist\u00e4. Katso kaikki yhteystiedot tai tutustu tarkemmin palveluihimme.\",\"breadcrumb\":{\"@id\":\"https:\/\/www.initia.fi\/yhteystiedot\/#breadcrumb\"},\"inLanguage\":\"en-GB\",\"potentialAction\":[{\"@type\":\"ReadAction\",\"target\":[\"https:\/\/www.initia.fi\/yhteystiedot\/\"]}]},{\"@type\":\"BreadcrumbList\",\"@id\":\"https:\/\/www.initia.fi\/yhteystiedot\/#breadcrumb\",\"itemListElement\":[{\"@type\":\"ListItem\",\"position\":1,\"name\":\"Etusivu\",\"item\":\"https:\/\/www.initia.fi\/\"},{\"@type\":\"ListItem\",\"position\":2,\"name\":\"Yhteystiedot\"}]}]}<\/script>\n<!-- \/ Yoast SEO plugin. -->","yoast_head_json":{"title":"Yhteystiedot - Initia Corporate Finance","description":"Meid\u00e4t l\u00f6yd\u00e4t Uudenmaankadulta Helsingist\u00e4. Katso kaikki yhteystiedot tai tutustu tarkemmin palveluihimme.","robots":{"index":"index","follow":"follow","max-snippet":"max-snippet:-1","max-image-preview":"max-image-preview:large","max-video-preview":"max-video-preview:-1"},"canonical":"https:\/\/www.initia.fi\/en\/contact\/","og_locale":"en_GB","og_type":"article","og_title":"Yhteystiedot - Initia Corporate Finance","og_description":"Meid\u00e4t l\u00f6yd\u00e4t Uudenmaankadulta Helsingist\u00e4. Katso kaikki yhteystiedot tai tutustu tarkemmin palveluihimme.","og_url":"https:\/\/www.initia.fi\/en\/contact\/","og_site_name":"Initia Corporate Finance","article_modified_time":"2022-02-23T07:19:12+00:00","og_image":[{"url":"http:\/\/www.initia.fi\/wp-content\/uploads\/2020\/12\/Initia-fill_08.jpg"}],"twitter_card":"summary_large_image","twitter_misc":{"Estimated reading time":"1 minute"},"schema":{"@context":"https:\/\/schema.org","@graph":[{"@type":"Organization","@id":"https:\/\/www.initia.fi\/#organization","name":"Initia Oy","url":"https:\/\/www.initia.fi\/","sameAs":[],"logo":{"@type":"ImageObject","@id":"https:\/\/www.initia.fi\/#logo","inLanguage":"en-GB","url":"https:\/\/www.initia.fi\/wp-content\/uploads\/2020\/07\/Initia-favicon_512x512.png","contentUrl":"https:\/\/www.initia.fi\/wp-content\/uploads\/2020\/07\/Initia-favicon_512x512.png","width":512,"height":512,"caption":"Initia Oy"},"image":{"@id":"https:\/\/www.initia.fi\/#logo"}},{"@type":"WebSite","@id":"https:\/\/www.initia.fi\/#website","url":"https:\/\/www.initia.fi\/","name":"Initia Corporate Finance","description":"Johtava suomalainen yritys- ja rahoitusj\u00e4rjestelyiden asiantuntija","publisher":{"@id":"https:\/\/www.initia.fi\/#organization"},"potentialAction":[{"@type":"SearchAction","target":{"@type":"EntryPoint","urlTemplate":"https:\/\/www.initia.fi\/?s={search_term_string}"},"query-input":"required name=search_term_string"}],"inLanguage":"en-GB"},{"@type":"ImageObject","@id":"https:\/\/www.initia.fi\/yhteystiedot\/#primaryimage","inLanguage":"en-GB","url":"http:\/\/www.initia.fi\/wp-content\/uploads\/2020\/12\/Initia-fill_08.jpg","contentUrl":"http:\/\/www.initia.fi\/wp-content\/uploads\/2020\/12\/Initia-fill_08.jpg"},{"@type":"WebPage","@id":"https:\/\/www.initia.fi\/yhteystiedot\/#webpage","url":"https:\/\/www.initia.fi\/yhteystiedot\/","name":"Yhteystiedot - Initia Corporate Finance","isPartOf":{"@id":"https:\/\/www.initia.fi\/#website"},"primaryImageOfPage":{"@id":"https:\/\/www.initia.fi\/yhteystiedot\/#primaryimage"},"datePublished":"2020-11-27T12:56:09+00:00","dateModified":"2022-02-23T07:19:12+00:00","description":"Meid\u00e4t l\u00f6yd\u00e4t Uudenmaankadulta Helsingist\u00e4. Katso kaikki yhteystiedot tai tutustu tarkemmin palveluihimme.","breadcrumb":{"@id":"https:\/\/www.initia.fi\/yhteystiedot\/#breadcrumb"},"inLanguage":"en-GB","potentialAction":[{"@type":"ReadAction","target":["https:\/\/www.initia.fi\/yhteystiedot\/"]}]},{"@type":"BreadcrumbList","@id":"https:\/\/www.initia.fi\/yhteystiedot\/#breadcrumb","itemListElement":[{"@type":"ListItem","position":1,"name":"Etusivu","item":"https:\/\/www.initia.fi\/"},{"@type":"ListItem","position":2,"name":"Yhteystiedot"}]}]}},"_links":{"self":[{"href":"https:\/\/www.initia.fi\/en\/wp-json\/wp\/v2\/pages\/588"}],"collection":[{"href":"https:\/\/www.initia.fi\/en\/wp-json\/wp\/v2\/pages"}],"about":[{"href":"https:\/\/www.initia.fi\/en\/wp-json\/wp\/v2\/types\/page"}],"author":[{"embeddable":true,"href":"https:\/\/www.initia.fi\/en\/wp-json\/wp\/v2\/users\/1"}],"replies":[{"embeddable":true,"href":"https:\/\/www.initia.fi\/en\/wp-json\/wp\/v2\/comments?post=588"}],"version-history":[{"count":6,"href":"https:\/\/www.initia.fi\/en\/wp-json\/wp\/v2\/pages\/588\/revisions"}],"predecessor-version":[{"id":1326,"href":"https:\/\/www.initia.fi\/en\/wp-json\/wp\/v2\/pages\/588\/revisions\/1326"}],"wp:attachment":[{"href":"https:\/\/www.initia.fi\/en\/wp-json\/wp\/v2\/media?parent=588"}],"curies":[{"name":"wp","href":"https:\/\/api.w.org\/{rel}","templated":true}]}}